{"id":13,"date":"2022-09-20T16:03:46","date_gmt":"2022-09-20T16:03:46","guid":{"rendered":"https:\/\/centroarrupemalaga.org\/?page_id=13"},"modified":"2024-12-18T12:56:12","modified_gmt":"2024-12-18T12:56:12","slug":"inicio","status":"publish","type":"page","link":"https:\/\/centroarrupemalaga.org\/","title":{"rendered":"Inicio"},"content":{"rendered":"\n<div class=\"wp-block-cover alignfull\"><span aria-hidden=\"true\" class=\"wp-block-cover__background has-ast-global-color-5-background-color has-background-dim-100 has-background-dim\"><\/span><div class=\"wp-block-cover__inner-container is-layout-flow wp-block-cover-is-layout-flow\">\n<h2 class=\"wp-block-heading has-text-align-center has-ast-global-color-1-color has-text-color\">Agenda<\/h2>\n\n\n\n<div class=\"wp-block-columns is-layout-flex wp-container-core-columns-is-layout-28f84493 wp-block-columns-is-layout-flex\">\n<div class=\"wp-block-column is-layout-flow wp-block-column-is-layout-flow\"><!-- EventON Calendar --><div id='evcal_calendar_624' class='list_cal ajde_evcal_calendar sev cev color esty_2 ul etttc_custom ' ><div id='evcal_head' class='calendar_header ' ><div class='evo_cal_above'><span class='evo-gototoday-btn evo_hide' style='display:none;' data-mo='5' data-yr='2026' data-dy=''>Ir a mes actual<\/span><\/div><div class='evo_cal_above_content'><\/div><\/div><div id='eventon_loadbar_section'><div id='eventon_loadbar'><\/div><\/div><!-- Events List --><div id='evcal_list' \n\t\t\t\t\tclass='eventon_events_list sep_months evcal_list_month'><div class='evcal_month_line' data-d='eml_5_2026'><p>mayo<\/p><\/div><div class='sep_month_events ' data-d='eml_5_2026'><div id=\"event_2974_0\" class=\"eventon_list_event evo_eventtop scheduled  event no_et event_2974_0\" data-event_id=\"2974\" data-ri=\"0r\" data-time=\"1779991200-1780005000\" data-colr=\"#e887a4\" itemscope itemtype='http:\/\/schema.org\/Event'><div class=\"evo_event_schema\" style=\"display:none\" ><a itemprop='url'  href='https:\/\/centroarrupemalaga.org\/index.php\/events\/conferencia-frente-a-la-barbarie-un-gran-amor-caminando-a-la-luz-de-los-misticos\/'><\/a><meta itemprop='image' content=\"https:\/\/centroarrupemalaga.org\/wp-content\/uploads\/2022\/10\/DSC_0168-scaled.jpg\" \/><meta itemprop='startDate' content=\"2026-5-28T20:00+0:00\" \/><meta itemprop='endDate' content=\"2026-5-28T23:50+0:00\" \/><meta itemprop='eventStatus' content=\"https:\/\/schema.org\/EventScheduled\" \/><item style=\"display:none\" itemprop=\"eventAttendanceMode\" itemscope itemtype=\"https:\/\/schema.org\/OfflineEventAttendanceMode\"><\/item><script type=\"application\/ld+json\">{\"@context\": \"http:\/\/schema.org\",\"@type\": \"Event\",\n\t\t\t\t\"@id\": \"event_2974_0\",\n\t\t\t\t\"eventAttendanceMode\":\"https:\/\/schema.org\/OfflineEventAttendanceMode\",\n\t\t\t\t\"name\": \"Conferencia: &quot;Frente a la barbarie, un gran amor: caminando a la luz de los m\u00edsticos&quot;\",\n\t\t\t\t\"url\": \"https:\/\/centroarrupemalaga.org\/index.php\/events\/conferencia-frente-a-la-barbarie-un-gran-amor-caminando-a-la-luz-de-los-misticos\/\",\n\t\t\t\t\"startDate\": \"2026-5-28T20:00+0:00\",\n\t\t\t\t\"endDate\": \"2026-5-28T23:50+0:00\",\n\t\t\t\t\"image\":\"https:\/\/centroarrupemalaga.org\/wp-content\/uploads\/2022\/10\/DSC_0168-scaled.jpg\", \n\t\t\t\t\"description\":\"Conferencia: Frente a la barbarie, un gran amor: caminando a la luz de los m\u00edsticos\",\"eventStatus\":\"https:\/\/schema.org\/EventScheduled\"}<\/script><\/div>\n\t\t\t\t<p class=\"desc_trig_outter\" style=\"\"><a data-gmap_status=\"null\" data-gmtrig=\"1\" data-exlk=\"0\" style=\"background-color: #e887a4;\" id=\"evc_17799912002974\" class=\"hasFtIMG desc_trig sin_val evcal_list_a\" data-ux_val=\"1\" data-ux_val_mob=\"-\"  ><span class='evoet_c1 evoet_cx '><span class='ev_ftImg' data-img='https:\/\/centroarrupemalaga.org\/wp-content\/uploads\/2022\/10\/DSC_0168-scaled.jpg' data-thumb='https:\/\/centroarrupemalaga.org\/wp-content\/uploads\/2022\/10\/DSC_0168-300x200.jpg' style='background-image:url(\"https:\/\/centroarrupemalaga.org\/wp-content\/uploads\/2022\/10\/DSC_0168-300x200.jpg\")' ><\/span><\/span><span class='evoet_c2 evoet_cx '><span class='evoet_dayblock evcal_cblock ' data-bgcolor='#e887a4' data-smon='mayo' data-syr='2026'><span class='evo_start '><em class='date'>28<\/em><em class='month'>may<\/em><em class='time'>8:00 pm<\/em><\/span><\/span><\/span><span class='evoet_c3 evoet_cx evcal_desc evo_info ' ><span class='evoet_tags evo_above_title'><\/span><span class='evoet_title evcal_desc2 evcal_event_title' itemprop='name'>Conferencia: \"Frente a la barbarie, un gran amor: caminando a la luz de los m\u00edsticos\"<\/span><span class='evoet_subtitle evo_below_title'><span class='evcal_event_subtitle' >Mariola L\u00f3pez Villanueva rscj, autora de libros de espiritualidad. Profesora Facultad Teolog\u00eda Granada. Universidad Loyola<\/span><\/span><span class='evoet_time_expand level_3 evcal_desc_info evogap10'><\/span><span class='evcal_desc3'><\/span><\/span><em class='evoet_data' style='display:none' data-bgc='#e887a4'data-bggrad=''><\/em><\/a><\/p><div class='event_description evcal_eventcard ' style=\"display:none\"><div class='evocard_row'><div class='evocard_box ftimage' data-c='' \n\t\t\t\t\tstyle=''><div class='evocard_main_image_hold' data-t='Loading Image..'><div class='evocard_main_image evo_img_triglb evocd_img_direct evobr15 evobgsc evobgpc evodfx evofx_jc_c evofx_ai_c evofz48 direct' style='height:400px; background-image:url();' data-f='https:\/\/centroarrupemalaga.org\/wp-content\/uploads\/2022\/10\/DSC_0168-scaled.jpg'data-h='1707'data-w='2560'data-ratio='0.666796875'data-event_id='2974'data-ri='0' data-t='Loading Image..'><span style='height:400px; background-image:url(https:\/\/centroarrupemalaga.org\/wp-content\/uploads\/2022\/10\/DSC_0168-scaled.jpg)'><\/span><\/div><\/div><\/div><\/div><div class='evocard_row'><div class='evocard_box time' data-c='' \n\t\t\t\t\tstyle=''><div class='evo_metarow_time evorow evcal_evdata_row evcal_evrow_sm '>\n\t\t<span class='evcal_evdata_icons'><i class='fa fa-clock'><\/i><\/span>\n\t\t<div class='evcal_evdata_cell'>\t\t\t\t\t\t\t\n\t\t\t<h3 class='evo_h3'><span class='evcal_evdata_icons'><i class='fa fa-clock'><\/i><\/span>Hora<\/h3><p><span class='evo_eventcard_time_t'>28 mayo, 2026 8:00 pm<\/span><span class='evo_tz'>(GMT+02:00)<\/span><\/p>\n\t\t<\/div>\n\t<\/div><\/div><\/div><div class='evocard_row'><div class='evocard_box addtocal' data-c='' \n\t\t\t\t\tstyle=''><div class='evo_metarow_ICS evorow evcal_evdata_row'>\n\t\t\t<span class='evcal_evdata_icons'><i class='fa fa-calendar-o'><\/i><\/span>\n\t\t\t<div class='evcal_evdata_cell'>\n\t\t\t\t<p><a href='https:\/\/centroarrupemalaga.org\/export-events\/2974_0\/?nonce=fc5ec707bf' class='evo_ics_nCal' title='Add to your calendar'>Calendar<\/a><a href='\/\/www.google.com\/calendar\/event?action=TEMPLATE&amp;text=Conferencia%3A+%22Frente+a+la+barbarie%2C+un+gran+amor%3A+caminando+a+la+luz+de+los+m%C3%ADsticos%22&amp;dates=20260528T180000Z\/20260528T215000Z&amp;ctz=Europe\/Madrid&amp;details=Conferencia%3A+%22Frente+a+la+barbarie%2C+un+gran+amor%3A+caminando+a+la+luz+de+los+m%C3%ADsticos%22&amp;location=' target='_blank' class='evo_ics_gCal' title='Add to google calendar'>GoogleCal<\/a><\/p>\t\n\t\t\t<\/div>\n\t\t<\/div><\/div><\/div><div class='evo_card_row_end evcal_close' title='Close'><\/div><\/div><div class='clear end'><\/div><\/div><\/div>\t\t\t<div class='clear'><\/div>\n\t\t\t<\/div>\n\t\t\t<div class='clear'><\/div>\n\t\t\t\n\t\t\t\t\t \t<div id='evcal_footer' class='evo_bottom' style='display:none'>\n\t\t \t\t<div class='evo_cal_data' data-sc='{&quot;accord&quot;:&quot;no&quot;,&quot;bottom_nav&quot;:&quot;no&quot;,&quot;cal_id&quot;:&quot;&quot;,&quot;cal_init_nonajax&quot;:&quot;no&quot;,&quot;calendar_type&quot;:&quot;list&quot;,&quot;ep_fields&quot;:&quot;&quot;,&quot;etc_override&quot;:&quot;yes&quot;,&quot;evc_open&quot;:&quot;no&quot;,&quot;event_count&quot;:0,&quot;event_location&quot;:&quot;all&quot;,&quot;event_order&quot;:&quot;ASC&quot;,&quot;event_organizer&quot;:&quot;all&quot;,&quot;event_parts&quot;:&quot;no&quot;,&quot;event_past_future&quot;:&quot;all&quot;,&quot;event_status&quot;:&quot;all&quot;,&quot;event_tag&quot;:&quot;all&quot;,&quot;event_type&quot;:&quot;all&quot;,&quot;event_type_2&quot;:&quot;all&quot;,&quot;event_virtual&quot;:&quot;all&quot;,&quot;eventtop_date_style&quot;:0,&quot;eventtop_style&quot;:&quot;2&quot;,&quot;exp_jumper&quot;:&quot;no&quot;,&quot;exp_so&quot;:&quot;no&quot;,&quot;filter_relationship&quot;:&quot;AND&quot;,&quot;filter_show_set_only&quot;:&quot;no&quot;,&quot;filter_type&quot;:&quot;default&quot;,&quot;filters&quot;:&quot;yes&quot;,&quot;fixed_month&quot;:&quot;5&quot;,&quot;fixed_year&quot;:&quot;2026&quot;,&quot;focus_end_date_range&quot;:&quot;1790805599&quot;,&quot;focus_start_date_range&quot;:&quot;1777586400&quot;,&quot;ft_event_priority&quot;:&quot;no&quot;,&quot;hide_arrows&quot;:&quot;no&quot;,&quot;hide_cancels&quot;:&quot;no&quot;,&quot;hide_empty_months&quot;:&quot;yes&quot;,&quot;hide_end_time&quot;:&quot;no&quot;,&quot;hide_et_dn&quot;:&quot;no&quot;,&quot;hide_et_extra&quot;:&quot;no&quot;,&quot;hide_et_tags&quot;:&quot;no&quot;,&quot;hide_et_tl&quot;:&quot;no&quot;,&quot;hide_ft&quot;:&quot;no&quot;,&quot;hide_ft_img&quot;:&quot;no&quot;,&quot;hide_month_headers&quot;:&quot;no&quot;,&quot;hide_mult_occur&quot;:&quot;no&quot;,&quot;hide_past&quot;:&quot;no&quot;,&quot;hide_past_by&quot;:&quot;ee&quot;,&quot;hide_so&quot;:&quot;no&quot;,&quot;ics&quot;:&quot;no&quot;,&quot;jumper&quot;:&quot;no&quot;,&quot;jumper_count&quot;:5,&quot;jumper_offset&quot;:&quot;0&quot;,&quot;lang&quot;:&quot;L1&quot;,&quot;layout_changer&quot;:&quot;no&quot;,&quot;livenow_bar&quot;:&quot;yes&quot;,&quot;mapformat&quot;:&quot;roadmap&quot;,&quot;mapiconurl&quot;:&quot;&quot;,&quot;maps_load&quot;:&quot;yes&quot;,&quot;mapscroll&quot;:&quot;true&quot;,&quot;mapzoom&quot;:&quot;18&quot;,&quot;members_only&quot;:&quot;no&quot;,&quot;ml_priority&quot;:&quot;no&quot;,&quot;month_incre&quot;:0,&quot;number_of_months&quot;:&quot;5&quot;,&quot;only_ft&quot;:&quot;no&quot;,&quot;pec&quot;:&quot;&quot;,&quot;s&quot;:&quot;&quot;,&quot;search&quot;:&quot;&quot;,&quot;search_all&quot;:&quot;no&quot;,&quot;sep_month&quot;:&quot;yes&quot;,&quot;show_et_ft_img&quot;:&quot;yes&quot;,&quot;show_limit&quot;:&quot;no&quot;,&quot;show_limit_ajax&quot;:&quot;no&quot;,&quot;show_limit_paged&quot;:1,&quot;show_limit_redir&quot;:&quot;&quot;,&quot;show_repeats&quot;:&quot;no&quot;,&quot;show_upcoming&quot;:0,&quot;show_year&quot;:&quot;no&quot;,&quot;social_share&quot;:&quot;no&quot;,&quot;sort_by&quot;:&quot;sort_date&quot;,&quot;tile_bg&quot;:0,&quot;tile_bg_size&quot;:&quot;full&quot;,&quot;tile_count&quot;:2,&quot;tile_height&quot;:0,&quot;tile_style&quot;:0,&quot;tiles&quot;:&quot;no&quot;,&quot;ux_val&quot;:&quot;0&quot;,&quot;wpml_l1&quot;:&quot;&quot;,&quot;wpml_l2&quot;:&quot;&quot;,&quot;wpml_l3&quot;:&quot;&quot;,&quot;yl_priority&quot;:&quot;no&quot;,&quot;fixed_day&quot;:&quot;6&quot;,&quot;_cver&quot;:&quot;2.5.3&quot;}'data-od='{&quot;lang_no_events&quot;:&quot;No eventos&quot;,&quot;cal_tz_offset&quot;:120,&quot;cal_tz&quot;:&quot;Europe\\\/Madrid&quot;}'><\/div>\n\t\t \t\t<div class='evo_cal_events' data-events=\"\"><\/div>\n\t\t \t<\/div>\n\t\t\t\t\n\t\t\t\n\t\t\t\n\t\t\t\t\t\t<\/div><!-- EventON End -->\n\t\t\t\n<\/div>\n<\/div>\n<\/div><\/div>\n\n\n\n<div class=\"wp-block-cover alignfull is-light\"><span aria-hidden=\"true\" class=\"wp-block-cover__background has-cyan-bluish-gray-background-color has-background-dim-100 has-background-dim\"><\/span><div class=\"wp-block-cover__inner-container is-layout-flow wp-block-cover-is-layout-flow\">\n<h2 class=\"wp-block-heading has-text-align-center has-ast-global-color-1-color has-text-color\">Noticias<\/h2>\n\n\n<ul class=\"wp-block-latest-posts__list has-dates wp-block-latest-posts\"><li><div class=\"wp-block-latest-posts__featured-image alignleft\"><img decoding=\"async\" width=\"150\" height=\"150\" src=\"https:\/\/centroarrupemalaga.org\/wp-content\/uploads\/2026\/04\/215022421_4161293123947507_6167942015219419218_n-150x150.jpg\" class=\"attachment-thumbnail size-thumbnail wp-post-image\" alt=\"\" style=\"\" \/><\/div><a class=\"wp-block-latest-posts__post-title\" href=\"https:\/\/centroarrupemalaga.org\/index.php\/2026\/04\/29\/resena-de-la-conferencia-sobre-la-figura-del-beato-tiburcio-arnaiz\/\">Rese\u00f1a de la conferencia sobre la figura del beato Tiburcio Arn\u00e1iz<\/a><time datetime=\"\" class=\"wp-block-latest-posts__post-date\"><\/time><div class=\"wp-block-latest-posts__post-excerpt\">Este mes de abril lo hemos dedicado a esbozar la figura del beato Tiburcio Arn\u00e1iz, en el a\u00f1o del centenario de su muerte. La presentaci\u00f3n ha sido llevada a cabo por el sacerdote Alberto Jos\u00e9 Gonz\u00e1lez Chaves, autor de su \u00faltima biograf\u00eda. A lo largo de la intervenci\u00f3n, se ha ofrecido un recorrido biogr\u00e1fico y&#8230; <a class=\"wp-block-latest-posts__read-more\" href=\"https:\/\/centroarrupemalaga.org\/index.php\/2026\/04\/29\/resena-de-la-conferencia-sobre-la-figura-del-beato-tiburcio-arnaiz\/\" rel=\"noopener noreferrer\">Lee m\u00e1s<span class=\"screen-reader-text\">: Rese\u00f1a de la conferencia sobre la figura del beato Tiburcio Arn\u00e1iz<\/span><\/a><\/div><\/li>\n<li><div class=\"wp-block-latest-posts__featured-image alignleft\"><img decoding=\"async\" width=\"150\" height=\"150\" src=\"https:\/\/centroarrupemalaga.org\/wp-content\/uploads\/2026\/03\/IMG_2985-150x150.jpg\" class=\"attachment-thumbnail size-thumbnail wp-post-image\" alt=\"\" style=\"\" \/><\/div><a class=\"wp-block-latest-posts__post-title\" href=\"https:\/\/centroarrupemalaga.org\/index.php\/2026\/03\/23\/resena-de-la-conferencia-sobre-la-guerra-en-iran-y-la-division-en-el-islam\/\">Rese\u00f1a de la conferencia sobre la guerra en Ir\u00e1n y la divisi\u00f3n en el Islam<\/a><time datetime=\"\" class=\"wp-block-latest-posts__post-date\"><\/time><div class=\"wp-block-latest-posts__post-excerpt\">La conferencia del mes de marzo estuvo dedicada a analizar la actualidad internacional marcada por la guerra en Ir\u00e1n, un conflicto que se prolonga ya desde hace m\u00e1s de una semana. El invitado fue el jesuita Jaime Flaquer Garc\u00eda, profesor de la Facultad de Teolog\u00eda de Granada y especialista en islam, quien decidi\u00f3 modificar a&#8230; <a class=\"wp-block-latest-posts__read-more\" href=\"https:\/\/centroarrupemalaga.org\/index.php\/2026\/03\/23\/resena-de-la-conferencia-sobre-la-guerra-en-iran-y-la-division-en-el-islam\/\" rel=\"noopener noreferrer\">Lee m\u00e1s<span class=\"screen-reader-text\">: Rese\u00f1a de la conferencia sobre la guerra en Ir\u00e1n y la divisi\u00f3n en el Islam<\/span><\/a><\/div><\/li>\n<li><div class=\"wp-block-latest-posts__featured-image alignleft\"><img decoding=\"async\" width=\"150\" height=\"150\" src=\"https:\/\/centroarrupemalaga.org\/wp-content\/uploads\/2026\/01\/PHOTO-2026-01-22-23-46-59-150x150.jpg\" class=\"attachment-thumbnail size-thumbnail wp-post-image\" alt=\"\" style=\"\" \/><\/div><a class=\"wp-block-latest-posts__post-title\" href=\"https:\/\/centroarrupemalaga.org\/index.php\/2026\/01\/26\/resena-de-la-conferencia-sobre-la-conferencia-mundial-de-la-comision-fe-y-constitucion-faith-and-order\/\">Rese\u00f1a de la conferencia sobre la Conferencia Mundial de la Comisi\u00f3n Fe y Constituci\u00f3n (Faith and Order)<\/a><time datetime=\"\" class=\"wp-block-latest-posts__post-date\"><\/time><div class=\"wp-block-latest-posts__post-excerpt\">Con motivo de la celebraci\u00f3n anual del Octavario de Oraci\u00f3n por la Unidad de los Cristianos, el Centro Arrupe de M\u00e1laga ha organizado una conferencia sobre la Conferencia Mundial de la Comisi\u00f3n Fe y Constituci\u00f3n (Faith and Order) organizada por el Consejo Mundial de las Iglesias, tenida en Egipto en el Centro Papal Logos de&#8230; <a class=\"wp-block-latest-posts__read-more\" href=\"https:\/\/centroarrupemalaga.org\/index.php\/2026\/01\/26\/resena-de-la-conferencia-sobre-la-conferencia-mundial-de-la-comision-fe-y-constitucion-faith-and-order\/\" rel=\"noopener noreferrer\">Lee m\u00e1s<span class=\"screen-reader-text\">: Rese\u00f1a de la conferencia sobre la Conferencia Mundial de la Comisi\u00f3n Fe y Constituci\u00f3n (Faith and Order)<\/span><\/a><\/div><\/li>\n<\/ul>\n\n\n<div class=\"wp-block-columns is-layout-flex wp-container-core-columns-is-layout-28f84493 wp-block-columns-is-layout-flex\">\n<div class=\"wp-block-column is-layout-flow wp-block-column-is-layout-flow\">\n<p class=\"has-text-align-center has-medium-font-size\"><a href=\"https:\/\/centroarrupemalaga.org\/index.php\/blog\/\" title=\"Blog\">Ir a m\u00e1s noticias<\/a><\/p>\n<\/div>\n<\/div>\n<\/div><\/div>\n\n\n\n<div style=\"height:58px\" aria-hidden=\"true\" class=\"wp-block-spacer\"><\/div>\n\n\n\n<iframe data-w-type=\"embedded\" frameborder=\"0\" scrolling=\"no\" marginheight=\"0\" marginwidth=\"0\" src=\"https:\/\/s0trt.mjt.lu\/wgt\/s0trt\/8rk\/form?c=c49eafab\" width=\"100%\" style=\"height: 0;\"><\/iframe>\n\n<script type=\"text\/javascript\" src=\"https:\/\/app.mailjet.com\/pas-nc-embedded-v1.js\"><\/script>\n","protected":false},"excerpt":{"rendered":"","protected":false},"author":1,"featured_media":0,"parent":0,"menu_order":0,"comment_status":"closed","ping_status":"closed","template":"","meta":{"om_disable_all_campaigns":false,"_uf_show_specific_survey":0,"_uf_disable_surveys":false,"site-sidebar-layout":"default","site-content-layout":"","ast-site-content-layout":"default","site-content-style":"default","site-sidebar-style":"default","ast-global-header-display":"","ast-banner-title-visibility":"","ast-main-header-display":"","ast-hfb-above-header-display":"","ast-hfb-below-header-display":"","ast-hfb-mobile-header-display":"","site-post-title":"disabled","ast-breadcrumbs-content":"","ast-featured-img":"","footer-sml-layout":"","ast-disable-related-posts":"","theme-transparent-header-meta":"","adv-header-id-meta":"","stick-header-meta":"","header-above-stick-meta":"","header-main-stick-meta":"","header-below-stick-meta":"","astra-migrate-meta-layouts":"set","ast-page-background-enabled":"default","ast-page-background-meta":{"desktop":{"background-color":"var(--ast-global-color-4)","background-image":"","background-repeat":"repeat","background-position":"center center","background-size":"auto","background-attachment":"scroll","background-type":"","background-media":"","overlay-type":"","overlay-color":"","overlay-opacity":"","overlay-gradient":""},"tablet":{"background-color":"","background-image":"","background-repeat":"repeat","background-position":"center center","background-size":"auto","background-attachment":"scroll","background-type":"","background-media":"","overlay-type":"","overlay-color":"","overlay-opacity":"","overlay-gradient":""},"mobile":{"background-color":"","background-image":"","background-repeat":"repeat","background-position":"center center","background-size":"auto","background-attachment":"scroll","background-type":"","background-media":"","overlay-type":"","overlay-color":"","overlay-opacity":"","overlay-gradient":""}},"ast-content-background-meta":{"desktop":{"background-color":"var(--ast-global-color-5)","background-image":"","background-repeat":"repeat","background-position":"center center","background-size":"auto","background-attachment":"scroll","background-type":"","background-media":"","overlay-type":"","overlay-color":"","overlay-opacity":"","overlay-gradient":""},"tablet":{"background-color":"var(--ast-global-color-5)","background-image":"","background-repeat":"repeat","background-position":"center center","background-size":"auto","background-attachment":"scroll","background-type":"","background-media":"","overlay-type":"","overlay-color":"","overlay-opacity":"","overlay-gradient":""},"mobile":{"background-color":"var(--ast-global-color-5)","background-image":"","background-repeat":"repeat","background-position":"center center","background-size":"auto","background-attachment":"scroll","background-type":"","background-media":"","overlay-type":"","overlay-color":"","overlay-opacity":"","overlay-gradient":""}},"footnotes":""},"class_list":["post-13","page","type-page","status-publish","hentry"],"aioseo_notices":[],"_links":{"self":[{"href":"https:\/\/centroarrupemalaga.org\/index.php\/wp-json\/wp\/v2\/pages\/13","targetHints":{"allow":["GET"]}}],"collection":[{"href":"https:\/\/centroarrupemalaga.org\/index.php\/wp-json\/wp\/v2\/pages"}],"about":[{"href":"https:\/\/centroarrupemalaga.org\/index.php\/wp-json\/wp\/v2\/types\/page"}],"author":[{"embeddable":true,"href":"https:\/\/centroarrupemalaga.org\/index.php\/wp-json\/wp\/v2\/users\/1"}],"replies":[{"embeddable":true,"href":"https:\/\/centroarrupemalaga.org\/index.php\/wp-json\/wp\/v2\/comments?post=13"}],"version-history":[{"count":70,"href":"https:\/\/centroarrupemalaga.org\/index.php\/wp-json\/wp\/v2\/pages\/13\/revisions"}],"predecessor-version":[{"id":2324,"href":"https:\/\/centroarrupemalaga.org\/index.php\/wp-json\/wp\/v2\/pages\/13\/revisions\/2324"}],"wp:attachment":[{"href":"https:\/\/centroarrupemalaga.org\/index.php\/wp-json\/wp\/v2\/media?parent=13"}],"curies":[{"name":"wp","href":"https:\/\/api.w.org\/{rel}","templated":true}]}}