{"id":14,"date":"2022-09-20T16:03:46","date_gmt":"2022-09-20T16:03:46","guid":{"rendered":"https:\/\/centroarrupemalaga.org\/?page_id=14"},"modified":"2023-11-07T18:28:12","modified_gmt":"2023-11-07T18:28:12","slug":"about","status":"publish","type":"page","link":"https:\/\/centroarrupemalaga.org\/index.php\/about\/","title":{"rendered":"Qui\u00e9nes somos"},"content":{"rendered":"\n<div class=\"wp-block-columns is-layout-flex wp-container-core-columns-is-layout-28f84493 wp-block-columns-is-layout-flex\">\n<div class=\"wp-block-column is-layout-flow wp-block-column-is-layout-flow\">\n<h3 class=\"wp-block-heading\">SOMOS<\/h3>\n\n\n\n<p>El <strong>Centro Arrupe<\/strong> es una instituci\u00f3n de la <strong>Compa\u00f1\u00eda de Jes\u00fas<\/strong> fundado en M\u00e1laga en el a\u00f1o 2011 como espacio de di\u00e1logo de la fe con la cultura actual<br> Pertenece a la red de <strong>Centros Fe-Cultura-Justicia<\/strong> de los jesuitas en Espa\u00f1a. Sus objetivos son:<br> 1.- Contribuir a la formaci\u00f3n integral cristiana<br> 2.- Ser plataforma de di\u00e1logo<br> 3.- Procurar una Sociedad m\u00e1s justa.<\/p>\n<\/div>\n\n\n\n<div class=\"wp-block-column is-layout-flow wp-block-column-is-layout-flow\">\n<h3 class=\"wp-block-heading\">NUESTRA MISI\u00d3N<\/h3>\n\n\n\n<p>Para ello se llevan a cabo las siguientes actividades:<br>&#8211; Conferencia mensual<br>&#8211; Cine para crecer<br>&#8211; Acompa\u00f1amiento espiritual en grupos de Iniciaci\u00f3n a la Experiencia de Dios y Ejercicios Espirituales ignacianos<\/p>\n<\/div>\n<\/div>\n\n\n\n<p class=\"justificar\">La presencia de los jesuitas en M\u00e1laga se remonta a 1572 con la fundaci\u00f3n del Colegio de San Sebasti\u00e1n. Los jesuitas permanecieron hasta la expulsi\u00f3n del rey Carlos III en 1767. Restaurada la Compa\u00f1\u00eda de Jes\u00fas su presencia en M\u00e1laga radica:<br> &#8211; Residencia de los PP. Jesuitas (Pz. de San Ignacio) <br>&#8211; Templo del Sagrado Coraz\u00f3n<br> &#8211; Colegio de San Estanislao<br> &#8211; Colegio de San Jos\u00e9<br> &#8211; Colegio SAFA-ICET<\/p>\n\n\n\n<h3 class=\"wp-block-heading\">CONTACTO<\/h3>\n\n\n\n<div class=\"wp-block-columns is-layout-flex wp-container-core-columns-is-layout-28f84493 wp-block-columns-is-layout-flex\">\n<div class=\"wp-block-column is-layout-flow wp-block-column-is-layout-flow\" style=\"flex-basis:100%\">\n<div class=\"wp-block-group is-nowrap is-layout-flex wp-container-core-group-is-layout-6c531013 wp-block-group-is-layout-flex\">\n<figure class=\"wp-block-image size-full is-resized\"><img fetchpriority=\"high\" decoding=\"async\" width=\"512\" height=\"512\" src=\"https:\/\/centroarrupemalaga.org\/wp-content\/uploads\/2022\/10\/email-4.png\" alt=\"\" class=\"wp-image-187\" style=\"width:32px;height:32px\" srcset=\"https:\/\/centroarrupemalaga.org\/wp-content\/uploads\/2022\/10\/email-4.png 512w, https:\/\/centroarrupemalaga.org\/wp-content\/uploads\/2022\/10\/email-4-300x300.png 300w, https:\/\/centroarrupemalaga.org\/wp-content\/uploads\/2022\/10\/email-4-150x150.png 150w\" sizes=\"(max-width: 512px) 100vw, 512px\" \/><\/figure>\n\n\n\n<p class=\"has-text-align-center\"><strong>cppamalaga@gmail.com<\/strong><\/p>\n<\/div>\n\n\n\n<div class=\"wp-block-group is-nowrap is-layout-flex wp-container-core-group-is-layout-6c531013 wp-block-group-is-layout-flex\">\n<figure class=\"wp-block-image size-full is-resized\"><img decoding=\"async\" width=\"512\" height=\"512\" src=\"https:\/\/centroarrupemalaga.org\/wp-content\/uploads\/2022\/10\/call.png\" alt=\"\" class=\"wp-image-182\" style=\"width:32px;height:32px\" srcset=\"https:\/\/centroarrupemalaga.org\/wp-content\/uploads\/2022\/10\/call.png 512w, https:\/\/centroarrupemalaga.org\/wp-content\/uploads\/2022\/10\/call-300x300.png 300w, https:\/\/centroarrupemalaga.org\/wp-content\/uploads\/2022\/10\/call-150x150.png 150w\" sizes=\"(max-width: 512px) 100vw, 512px\" \/><\/figure>\n\n\n\n<p class=\"has-text-align-center\"><strong><strong>952-210500*<\/strong><\/strong><\/p>\n<\/div>\n<\/div>\n<\/div>\n","protected":false},"excerpt":{"rendered":"<p>SOMOS El Centro Arrupe es una instituci\u00f3n de la Compa\u00f1\u00eda de Jes\u00fas fundado en M\u00e1laga en el a\u00f1o 2011 como espacio de di\u00e1logo de la fe con la cultura actual Pertenece a la red de Centros Fe-Cultura-Justicia de los jesuitas en Espa\u00f1a. Sus objetivos son: 1.- Contribuir a la formaci\u00f3n integral cristiana 2.- Ser plataforma [&hellip;]<\/p>\n","protected":false},"author":1,"featured_media":0,"parent":0,"menu_order":0,"comment_status":"closed","ping_status":"closed","template":"","meta":{"om_disable_all_campaigns":false,"_uf_show_specific_survey":0,"_uf_disable_surveys":false,"site-sidebar-layout":"default","site-content-layout":"","ast-site-content-layout":"default","site-content-style":"default","site-sidebar-style":"default","ast-global-header-display":"","ast-banner-title-visibility":"","ast-main-header-display":"","ast-hfb-above-header-display":"","ast-hfb-below-header-display":"","ast-hfb-mobile-header-display":"","site-post-title":"","ast-breadcrumbs-content":"","ast-featured-img":"","footer-sml-layout":"","ast-disable-related-posts":"","theme-transparent-header-meta":"","adv-header-id-meta":"","stick-header-meta":"","header-above-stick-meta":"","header-main-stick-meta":"","header-below-stick-meta":"","astra-migrate-meta-layouts":"default","ast-page-background-enabled":"default","ast-page-background-meta":{"desktop":{"background-color":"var(--ast-global-color-4)","background-image":"","background-repeat":"repeat","background-position":"center center","background-size":"auto","background-attachment":"scroll","background-type":"","background-media":"","overlay-type":"","overlay-color":"","overlay-opacity":"","overlay-gradient":""},"tablet":{"background-color":"","background-image":"","background-repeat":"repeat","background-position":"center center","background-size":"auto","background-attachment":"scroll","background-type":"","background-media":"","overlay-type":"","overlay-color":"","overlay-opacity":"","overlay-gradient":""},"mobile":{"background-color":"","background-image":"","background-repeat":"repeat","background-position":"center center","background-size":"auto","background-attachment":"scroll","background-type":"","background-media":"","overlay-type":"","overlay-color":"","overlay-opacity":"","overlay-gradient":""}},"ast-content-background-meta":{"desktop":{"background-color":"var(--ast-global-color-5)","background-image":"","background-repeat":"repeat","background-position":"center center","background-size":"auto","background-attachment":"scroll","background-type":"","background-media":"","overlay-type":"","overlay-color":"","overlay-opacity":"","overlay-gradient":""},"tablet":{"background-color":"var(--ast-global-color-5)","background-image":"","background-repeat":"repeat","background-position":"center center","background-size":"auto","background-attachment":"scroll","background-type":"","background-media":"","overlay-type":"","overlay-color":"","overlay-opacity":"","overlay-gradient":""},"mobile":{"background-color":"var(--ast-global-color-5)","background-image":"","background-repeat":"repeat","background-position":"center center","background-size":"auto","background-attachment":"scroll","background-type":"","background-media":"","overlay-type":"","overlay-color":"","overlay-opacity":"","overlay-gradient":""}},"footnotes":""},"class_list":["post-14","page","type-page","status-publish","hentry"],"aioseo_notices":[],"_links":{"self":[{"href":"https:\/\/centroarrupemalaga.org\/index.php\/wp-json\/wp\/v2\/pages\/14","targetHints":{"allow":["GET"]}}],"collection":[{"href":"https:\/\/centroarrupemalaga.org\/index.php\/wp-json\/wp\/v2\/pages"}],"about":[{"href":"https:\/\/centroarrupemalaga.org\/index.php\/wp-json\/wp\/v2\/types\/page"}],"author":[{"embeddable":true,"href":"https:\/\/centroarrupemalaga.org\/index.php\/wp-json\/wp\/v2\/users\/1"}],"replies":[{"embeddable":true,"href":"https:\/\/centroarrupemalaga.org\/index.php\/wp-json\/wp\/v2\/comments?post=14"}],"version-history":[{"count":16,"href":"https:\/\/centroarrupemalaga.org\/index.php\/wp-json\/wp\/v2\/pages\/14\/revisions"}],"predecessor-version":[{"id":943,"href":"https:\/\/centroarrupemalaga.org\/index.php\/wp-json\/wp\/v2\/pages\/14\/revisions\/943"}],"wp:attachment":[{"href":"https:\/\/centroarrupemalaga.org\/index.php\/wp-json\/wp\/v2\/media?parent=14"}],"curies":[{"name":"wp","href":"https:\/\/api.w.org\/{rel}","templated":true}]}}