{"id":43,"date":"2022-09-21T17:07:23","date_gmt":"2022-09-21T17:07:23","guid":{"rendered":"https:\/\/centroarrupemalaga.org\/?page_id=43"},"modified":"2022-11-03T16:36:15","modified_gmt":"2022-11-03T16:36:15","slug":"conferencias","status":"publish","type":"page","link":"https:\/\/centroarrupemalaga.org\/index.php\/conferencias\/","title":{"rendered":"Conferencias"},"content":{"rendered":"<!-- EventON Calendar --><div id='evcal_calendar_861' class='list_cal ajde_evcal_calendar sev cev color esty_2 ul etttc_custom ' ><div id='evcal_head' class='calendar_header ' ><div class='evo_cal_above'><span class='evo-gototoday-btn evo_hide' style='display:none;' data-mo='4' data-yr='2026' data-dy=''>Ir a mes actual<\/span><\/div><div class='evo_cal_above_content'><\/div><\/div><div id='eventon_loadbar_section'><div id='eventon_loadbar'><\/div><\/div><!-- Events List --><div id='evcal_list' \n\t\t\t\t\tclass='eventon_events_list '><div id=\"event_2973_0\" class=\"eventon_list_event evo_eventtop scheduled  event no_et event_2973_0\" data-event_id=\"2973\" data-ri=\"0r\" data-time=\"1776967200-1776981000\" data-colr=\"#4bb5d8\" itemscope itemtype='http:\/\/schema.org\/Event'><div class=\"evo_event_schema\" style=\"display:none\" ><a itemprop='url'  href='https:\/\/centroarrupemalaga.org\/index.php\/events\/conferencia-el-padre-arnaiz-un-corazon-en-llamas-modelo-de-evangelizador\/'><\/a><meta itemprop='image' content=\"https:\/\/centroarrupemalaga.org\/wp-content\/uploads\/2022\/10\/DSC_0168-scaled.jpg\" \/><meta itemprop='startDate' content=\"2026-4-23T20:00+0:00\" \/><meta itemprop='endDate' content=\"2026-4-23T23:50+0:00\" \/><meta itemprop='eventStatus' content=\"https:\/\/schema.org\/EventScheduled\" \/><item style=\"display:none\" itemprop=\"eventAttendanceMode\" itemscope itemtype=\"https:\/\/schema.org\/OfflineEventAttendanceMode\"><\/item><script type=\"application\/ld+json\">{\"@context\": \"http:\/\/schema.org\",\"@type\": \"Event\",\n\t\t\t\t\"@id\": \"event_2973_0\",\n\t\t\t\t\"eventAttendanceMode\":\"https:\/\/schema.org\/OfflineEventAttendanceMode\",\n\t\t\t\t\"name\": \"Conferencia: &quot;El Padre Arnaiz, un coraz\u00f3n en llamas: Modelo de evangelizador&quot;\",\n\t\t\t\t\"url\": \"https:\/\/centroarrupemalaga.org\/index.php\/events\/conferencia-el-padre-arnaiz-un-corazon-en-llamas-modelo-de-evangelizador\/\",\n\t\t\t\t\"startDate\": \"2026-4-23T20:00+0:00\",\n\t\t\t\t\"endDate\": \"2026-4-23T23:50+0:00\",\n\t\t\t\t\"image\":\"https:\/\/centroarrupemalaga.org\/wp-content\/uploads\/2022\/10\/DSC_0168-scaled.jpg\", \n\t\t\t\t\"description\":\"Conferencia: El Padre Arnaiz, un coraz\u00f3n en llamas: Modelo de evangelizador\",\"eventStatus\":\"https:\/\/schema.org\/EventScheduled\"}<\/script><\/div>\n\t\t\t\t<p class=\"desc_trig_outter\" style=\"\"><a data-gmap_status=\"null\" data-gmtrig=\"1\" data-exlk=\"0\" style=\"background-color: #4bb5d8;\" id=\"evc_17769672002973\" class=\"desc_trig sin_val evcal_list_a\" data-ux_val=\"1\" data-ux_val_mob=\"-\"  ><span class='evoet_c2 evoet_cx '><span class='evoet_dayblock evcal_cblock ' data-bgcolor='#4bb5d8' data-smon='abril' data-syr='2026'><span class='evo_start '><em class='date'>23<\/em><em class='month'>abr<\/em><em class='time'>8:00 pm<\/em><\/span><\/span><\/span><span class='evoet_c3 evoet_cx evcal_desc evo_info ' ><span class='evoet_tags evo_above_title'><\/span><span class='evoet_title evcal_desc2 evcal_event_title' itemprop='name'>Conferencia: \"El Padre Arnaiz, un coraz\u00f3n en llamas: Modelo de evangelizador\"<\/span><span class='evoet_subtitle evo_below_title'><span class='evcal_event_subtitle' >Alberto Jos\u00e9 Gonz\u00e1lez Chaves, autor de la biograf\u00eda del P. Arn\u00e1iz.<\/span><\/span><span class='evoet_time_expand level_3 evcal_desc_info evogap10'><\/span><span class='evcal_desc3'><\/span><\/span><em class='evoet_data' style='display:none' data-bgc='#4bb5d8'data-bggrad=''><\/em><\/a><\/p><div class='event_description evcal_eventcard ' style=\"display:none\"><div class='evocard_row'><div class='evocard_box ftimage' data-c='' \n\t\t\t\t\tstyle=''><div class='evocard_main_image_hold' data-t='Loading Image..'><div class='evocard_main_image evo_img_triglb evocd_img_direct evobr15 evobgsc evobgpc evodfx evofx_jc_c evofx_ai_c evofz48 direct' style='height:400px; background-image:url();' data-f='https:\/\/centroarrupemalaga.org\/wp-content\/uploads\/2022\/10\/DSC_0168-scaled.jpg'data-h='1707'data-w='2560'data-ratio='0.666796875'data-event_id='2973'data-ri='0' data-t='Loading Image..'><span style='height:400px; background-image:url(https:\/\/centroarrupemalaga.org\/wp-content\/uploads\/2022\/10\/DSC_0168-scaled.jpg)'><\/span><\/div><\/div><\/div><\/div><div class='evocard_row'><div class='evocard_box time' data-c='' \n\t\t\t\t\tstyle=''><div class='evo_metarow_time evorow evcal_evdata_row evcal_evrow_sm '>\n\t\t<span class='evcal_evdata_icons'><i class='fa fa-clock'><\/i><\/span>\n\t\t<div class='evcal_evdata_cell'>\t\t\t\t\t\t\t\n\t\t\t<h3 class='evo_h3'><span class='evcal_evdata_icons'><i class='fa fa-clock'><\/i><\/span>Hora<\/h3><p><span class='evo_eventcard_time_t'>23 abril, 2026 8:00 pm<\/span><span class='evo_tz'>(GMT+02:00)<\/span><\/p>\n\t\t<\/div>\n\t<\/div><\/div><\/div><div class='evocard_row'><div class='evocard_box addtocal' data-c='' \n\t\t\t\t\tstyle=''><div class='evo_metarow_ICS evorow evcal_evdata_row'>\n\t\t\t<span class='evcal_evdata_icons'><i class='fa fa-calendar-o'><\/i><\/span>\n\t\t\t<div class='evcal_evdata_cell'>\n\t\t\t\t<p><a href='https:\/\/centroarrupemalaga.org\/export-events\/2973_0\/?nonce=b962d9a3ff' class='evo_ics_nCal' title='Add to your calendar'>Calendar<\/a><a href='\/\/www.google.com\/calendar\/event?action=TEMPLATE&amp;text=Conferencia%3A+%22El+Padre+Arnaiz%2C+un+coraz%C3%B3n+en+llamas%3A+Modelo+de+evangelizador%22&amp;dates=20260423T180000Z\/20260423T215000Z&amp;ctz=Europe\/Madrid&amp;details=Conferencia%3A+%22El+Padre+Arnaiz%2C+un+coraz%C3%B3n+en+llamas%3A+Modelo+de+evangelizador%22&amp;location=' target='_blank' class='evo_ics_gCal' title='Add to google calendar'>GoogleCal<\/a><\/p>\t\n\t\t\t<\/div>\n\t\t<\/div><\/div><\/div><div class='evo_card_row_end evcal_close' title='Close'><\/div><\/div><div class='clear end'><\/div><\/div><div id=\"event_2974_0\" class=\"eventon_list_event evo_eventtop scheduled  event no_et event_2974_0\" data-event_id=\"2974\" data-ri=\"0r\" data-time=\"1779991200-1780005000\" data-colr=\"#4bb5d8\" itemscope itemtype='http:\/\/schema.org\/Event'><div class=\"evo_event_schema\" style=\"display:none\" ><a itemprop='url'  href='https:\/\/centroarrupemalaga.org\/index.php\/events\/conferencia-frente-a-la-barbarie-un-gran-amor-caminando-a-la-luz-de-los-misticos\/'><\/a><meta itemprop='image' content=\"https:\/\/centroarrupemalaga.org\/wp-content\/uploads\/2022\/10\/DSC_0168-scaled.jpg\" \/><meta itemprop='startDate' content=\"2026-5-28T20:00+0:00\" \/><meta itemprop='endDate' content=\"2026-5-28T23:50+0:00\" \/><meta itemprop='eventStatus' content=\"https:\/\/schema.org\/EventScheduled\" \/><item style=\"display:none\" itemprop=\"eventAttendanceMode\" itemscope itemtype=\"https:\/\/schema.org\/OfflineEventAttendanceMode\"><\/item><script type=\"application\/ld+json\">{\"@context\": \"http:\/\/schema.org\",\"@type\": \"Event\",\n\t\t\t\t\"@id\": \"event_2974_0\",\n\t\t\t\t\"eventAttendanceMode\":\"https:\/\/schema.org\/OfflineEventAttendanceMode\",\n\t\t\t\t\"name\": \"Conferencia: &quot;Frente a la barbarie, un gran amor: caminando a la luz de los m\u00edsticos&quot;\",\n\t\t\t\t\"url\": \"https:\/\/centroarrupemalaga.org\/index.php\/events\/conferencia-frente-a-la-barbarie-un-gran-amor-caminando-a-la-luz-de-los-misticos\/\",\n\t\t\t\t\"startDate\": \"2026-5-28T20:00+0:00\",\n\t\t\t\t\"endDate\": \"2026-5-28T23:50+0:00\",\n\t\t\t\t\"image\":\"https:\/\/centroarrupemalaga.org\/wp-content\/uploads\/2022\/10\/DSC_0168-scaled.jpg\", \n\t\t\t\t\"description\":\"Conferencia: Frente a la barbarie, un gran amor: caminando a la luz de los m\u00edsticos\",\"eventStatus\":\"https:\/\/schema.org\/EventScheduled\"}<\/script><\/div>\n\t\t\t\t<p class=\"desc_trig_outter\" style=\"\"><a data-gmap_status=\"null\" data-gmtrig=\"1\" data-exlk=\"0\" style=\"background-color: #4bb5d8;\" id=\"evc_17799912002974\" class=\"desc_trig sin_val evcal_list_a\" data-ux_val=\"1\" data-ux_val_mob=\"-\"  ><span class='evoet_c2 evoet_cx '><span class='evoet_dayblock evcal_cblock ' data-bgcolor='#4bb5d8' data-smon='mayo' data-syr='2026'><span class='evo_start '><em class='date'>28<\/em><em class='month'>may<\/em><em class='time'>8:00 pm<\/em><\/span><\/span><\/span><span class='evoet_c3 evoet_cx evcal_desc evo_info ' ><span class='evoet_tags evo_above_title'><\/span><span class='evoet_title evcal_desc2 evcal_event_title' itemprop='name'>Conferencia: \"Frente a la barbarie, un gran amor: caminando a la luz de los m\u00edsticos\"<\/span><span class='evoet_subtitle evo_below_title'><span class='evcal_event_subtitle' >Mariola L\u00f3pez Villanueva rscj, autora de libros de espiritualidad. Profesora Facultad Teolog\u00eda Granada. Universidad Loyola<\/span><\/span><span class='evoet_time_expand level_3 evcal_desc_info evogap10'><\/span><span class='evcal_desc3'><\/span><\/span><em class='evoet_data' style='display:none' data-bgc='#4bb5d8'data-bggrad=''><\/em><\/a><\/p><div class='event_description evcal_eventcard ' style=\"display:none\"><div class='evocard_row'><div class='evocard_box ftimage' data-c='' \n\t\t\t\t\tstyle=''><div class='evocard_main_image_hold' data-t='Loading Image..'><div class='evocard_main_image evo_img_triglb evocd_img_direct evobr15 evobgsc evobgpc evodfx evofx_jc_c evofx_ai_c evofz48 direct' style='height:400px; background-image:url();' data-f='https:\/\/centroarrupemalaga.org\/wp-content\/uploads\/2022\/10\/DSC_0168-scaled.jpg'data-h='1707'data-w='2560'data-ratio='0.666796875'data-event_id='2974'data-ri='0' data-t='Loading Image..'><span style='height:400px; background-image:url(https:\/\/centroarrupemalaga.org\/wp-content\/uploads\/2022\/10\/DSC_0168-scaled.jpg)'><\/span><\/div><\/div><\/div><\/div><div class='evocard_row'><div class='evocard_box time' data-c='' \n\t\t\t\t\tstyle=''><div class='evo_metarow_time evorow evcal_evdata_row evcal_evrow_sm '>\n\t\t<span class='evcal_evdata_icons'><i class='fa fa-clock'><\/i><\/span>\n\t\t<div class='evcal_evdata_cell'>\t\t\t\t\t\t\t\n\t\t\t<h3 class='evo_h3'><span class='evcal_evdata_icons'><i class='fa fa-clock'><\/i><\/span>Hora<\/h3><p><span class='evo_eventcard_time_t'>28 mayo, 2026 8:00 pm<\/span><span class='evo_tz'>(GMT+02:00)<\/span><\/p>\n\t\t<\/div>\n\t<\/div><\/div><\/div><div class='evocard_row'><div class='evocard_box addtocal' data-c='' \n\t\t\t\t\tstyle=''><div class='evo_metarow_ICS evorow evcal_evdata_row'>\n\t\t\t<span class='evcal_evdata_icons'><i class='fa fa-calendar-o'><\/i><\/span>\n\t\t\t<div class='evcal_evdata_cell'>\n\t\t\t\t<p><a href='https:\/\/centroarrupemalaga.org\/export-events\/2974_0\/?nonce=b962d9a3ff' class='evo_ics_nCal' title='Add to your calendar'>Calendar<\/a><a href='\/\/www.google.com\/calendar\/event?action=TEMPLATE&amp;text=Conferencia%3A+%22Frente+a+la+barbarie%2C+un+gran+amor%3A+caminando+a+la+luz+de+los+m%C3%ADsticos%22&amp;dates=20260528T180000Z\/20260528T215000Z&amp;ctz=Europe\/Madrid&amp;details=Conferencia%3A+%22Frente+a+la+barbarie%2C+un+gran+amor%3A+caminando+a+la+luz+de+los+m%C3%ADsticos%22&amp;location=' target='_blank' class='evo_ics_gCal' title='Add to google calendar'>GoogleCal<\/a><\/p>\t\n\t\t\t<\/div>\n\t\t<\/div><\/div><\/div><div class='evo_card_row_end evcal_close' title='Close'><\/div><\/div><div class='clear end'><\/div><\/div>\t\t\t<div class='clear'><\/div>\n\t\t\t<\/div>\n\t\t\t<div class='clear'><\/div>\n\t\t\t\n\t\t\t\t\t \t<div id='evcal_footer' class='evo_bottom' style='display:none'>\n\t\t \t\t<div class='evo_cal_data' data-sc='{&quot;accord&quot;:&quot;no&quot;,&quot;bottom_nav&quot;:&quot;no&quot;,&quot;cal_id&quot;:&quot;&quot;,&quot;cal_init_nonajax&quot;:&quot;no&quot;,&quot;calendar_type&quot;:&quot;list&quot;,&quot;ep_fields&quot;:&quot;&quot;,&quot;etc_override&quot;:&quot;no&quot;,&quot;evc_open&quot;:&quot;no&quot;,&quot;event_count&quot;:&quot;12&quot;,&quot;event_location&quot;:&quot;all&quot;,&quot;event_order&quot;:&quot;ASC&quot;,&quot;event_organizer&quot;:&quot;all&quot;,&quot;event_parts&quot;:&quot;no&quot;,&quot;event_past_future&quot;:&quot;all&quot;,&quot;event_status&quot;:&quot;all&quot;,&quot;event_tag&quot;:&quot;all&quot;,&quot;event_type&quot;:&quot;43,&quot;,&quot;event_type_2&quot;:&quot;all&quot;,&quot;event_virtual&quot;:&quot;all&quot;,&quot;eventtop_date_style&quot;:0,&quot;eventtop_style&quot;:&quot;2&quot;,&quot;exp_jumper&quot;:&quot;no&quot;,&quot;exp_so&quot;:&quot;no&quot;,&quot;filter_relationship&quot;:&quot;AND&quot;,&quot;filter_show_set_only&quot;:&quot;no&quot;,&quot;filter_type&quot;:&quot;default&quot;,&quot;filters&quot;:&quot;yes&quot;,&quot;fixed_month&quot;:&quot;4&quot;,&quot;fixed_year&quot;:&quot;2026&quot;,&quot;focus_end_date_range&quot;:&quot;1806530399&quot;,&quot;focus_start_date_range&quot;:&quot;1774994400&quot;,&quot;ft_event_priority&quot;:&quot;no&quot;,&quot;hide_arrows&quot;:&quot;no&quot;,&quot;hide_cancels&quot;:&quot;no&quot;,&quot;hide_empty_months&quot;:&quot;no&quot;,&quot;hide_end_time&quot;:&quot;no&quot;,&quot;hide_et_dn&quot;:&quot;no&quot;,&quot;hide_et_extra&quot;:&quot;no&quot;,&quot;hide_et_tags&quot;:&quot;no&quot;,&quot;hide_et_tl&quot;:&quot;no&quot;,&quot;hide_ft&quot;:&quot;no&quot;,&quot;hide_ft_img&quot;:&quot;no&quot;,&quot;hide_month_headers&quot;:&quot;yes&quot;,&quot;hide_mult_occur&quot;:&quot;no&quot;,&quot;hide_past&quot;:&quot;no&quot;,&quot;hide_past_by&quot;:&quot;ee&quot;,&quot;hide_so&quot;:&quot;no&quot;,&quot;ics&quot;:&quot;no&quot;,&quot;jumper&quot;:&quot;no&quot;,&quot;jumper_count&quot;:5,&quot;jumper_offset&quot;:&quot;0&quot;,&quot;lang&quot;:&quot;L1&quot;,&quot;layout_changer&quot;:&quot;no&quot;,&quot;livenow_bar&quot;:&quot;yes&quot;,&quot;mapformat&quot;:&quot;roadmap&quot;,&quot;mapiconurl&quot;:&quot;&quot;,&quot;maps_load&quot;:&quot;yes&quot;,&quot;mapscroll&quot;:&quot;true&quot;,&quot;mapzoom&quot;:&quot;18&quot;,&quot;members_only&quot;:&quot;no&quot;,&quot;ml_priority&quot;:&quot;no&quot;,&quot;month_incre&quot;:0,&quot;number_of_months&quot;:&quot;12&quot;,&quot;only_ft&quot;:&quot;no&quot;,&quot;pec&quot;:&quot;&quot;,&quot;s&quot;:&quot;&quot;,&quot;search&quot;:&quot;&quot;,&quot;search_all&quot;:&quot;no&quot;,&quot;sep_month&quot;:&quot;no&quot;,&quot;show_et_ft_img&quot;:&quot;no&quot;,&quot;show_limit&quot;:&quot;no&quot;,&quot;show_limit_ajax&quot;:&quot;no&quot;,&quot;show_limit_paged&quot;:1,&quot;show_limit_redir&quot;:&quot;&quot;,&quot;show_repeats&quot;:&quot;no&quot;,&quot;show_upcoming&quot;:0,&quot;show_year&quot;:&quot;no&quot;,&quot;social_share&quot;:&quot;no&quot;,&quot;sort_by&quot;:&quot;sort_date&quot;,&quot;tile_bg&quot;:0,&quot;tile_bg_size&quot;:&quot;full&quot;,&quot;tile_count&quot;:2,&quot;tile_height&quot;:0,&quot;tile_style&quot;:0,&quot;tiles&quot;:&quot;no&quot;,&quot;ux_val&quot;:&quot;0&quot;,&quot;wpml_l1&quot;:&quot;&quot;,&quot;wpml_l2&quot;:&quot;&quot;,&quot;wpml_l3&quot;:&quot;&quot;,&quot;yl_priority&quot;:&quot;no&quot;,&quot;fixed_day&quot;:&quot;8&quot;,&quot;_cver&quot;:&quot;2.5.2&quot;}'data-od='{&quot;lang_no_events&quot;:&quot;No eventos&quot;,&quot;cal_tz_offset&quot;:120,&quot;cal_tz&quot;:&quot;Europe\\\/Madrid&quot;}'><\/div>\n\t\t \t\t<div class='evo_cal_events' data-events=\"\"><\/div>\n\t\t \t<\/div>\n\t\t\t\t\n\t\t\t\n\t\t\t\n\t\t\t\t\t\t<\/div><!-- EventON End -->\n\t\t\t\n","protected":false},"excerpt":{"rendered":"","protected":false},"author":1,"featured_media":0,"parent":0,"menu_order":0,"comment_status":"closed","ping_status":"closed","template":"","meta":{"om_disable_all_campaigns":false,"_uf_show_specific_survey":0,"_uf_disable_surveys":false,"site-sidebar-layout":"default","site-content-layout":"","ast-site-content-layout":"default","site-content-style":"default","site-sidebar-style":"default","ast-global-header-display":"","ast-banner-title-visibility":"","ast-main-header-display":"","ast-hfb-above-header-display":"","ast-hfb-below-header-display":"","ast-hfb-mobile-header-display":"","site-post-title":"","ast-breadcrumbs-content":"","ast-featured-img":"","footer-sml-layout":"","ast-disable-related-posts":"","theme-transparent-header-meta":"","adv-header-id-meta":"","stick-header-meta":"","header-above-stick-meta":"","header-main-stick-meta":"","header-below-stick-meta":"","astra-migrate-meta-layouts":"default","ast-page-background-enabled":"default","ast-page-background-meta":{"desktop":{"background-color":"var(--ast-global-color-4)","background-image":"","background-repeat":"repeat","background-position":"center center","background-size":"auto","background-attachment":"scroll","background-type":"","background-media":"","overlay-type":"","overlay-color":"","overlay-opacity":"","overlay-gradient":""},"tablet":{"background-color":"","background-image":"","background-repeat":"repeat","background-position":"center center","background-size":"auto","background-attachment":"scroll","background-type":"","background-media":"","overlay-type":"","overlay-color":"","overlay-opacity":"","overlay-gradient":""},"mobile":{"background-color":"","background-image":"","background-repeat":"repeat","background-position":"center center","background-size":"auto","background-attachment":"scroll","background-type":"","background-media":"","overlay-type":"","overlay-color":"","overlay-opacity":"","overlay-gradient":""}},"ast-content-background-meta":{"desktop":{"background-color":"var(--ast-global-color-5)","background-image":"","background-repeat":"repeat","background-position":"center center","background-size":"auto","background-attachment":"scroll","background-type":"","background-media":"","overlay-type":"","overlay-color":"","overlay-opacity":"","overlay-gradient":""},"tablet":{"background-color":"var(--ast-global-color-5)","background-image":"","background-repeat":"repeat","background-position":"center center","background-size":"auto","background-attachment":"scroll","background-type":"","background-media":"","overlay-type":"","overlay-color":"","overlay-opacity":"","overlay-gradient":""},"mobile":{"background-color":"var(--ast-global-color-5)","background-image":"","background-repeat":"repeat","background-position":"center center","background-size":"auto","background-attachment":"scroll","background-type":"","background-media":"","overlay-type":"","overlay-color":"","overlay-opacity":"","overlay-gradient":""}},"footnotes":""},"class_list":["post-43","page","type-page","status-publish","hentry"],"aioseo_notices":[],"_links":{"self":[{"href":"https:\/\/centroarrupemalaga.org\/index.php\/wp-json\/wp\/v2\/pages\/43","targetHints":{"allow":["GET"]}}],"collection":[{"href":"https:\/\/centroarrupemalaga.org\/index.php\/wp-json\/wp\/v2\/pages"}],"about":[{"href":"https:\/\/centroarrupemalaga.org\/index.php\/wp-json\/wp\/v2\/types\/page"}],"author":[{"embeddable":true,"href":"https:\/\/centroarrupemalaga.org\/index.php\/wp-json\/wp\/v2\/users\/1"}],"replies":[{"embeddable":true,"href":"https:\/\/centroarrupemalaga.org\/index.php\/wp-json\/wp\/v2\/comments?post=43"}],"version-history":[{"count":3,"href":"https:\/\/centroarrupemalaga.org\/index.php\/wp-json\/wp\/v2\/pages\/43\/revisions"}],"predecessor-version":[{"id":307,"href":"https:\/\/centroarrupemalaga.org\/index.php\/wp-json\/wp\/v2\/pages\/43\/revisions\/307"}],"wp:attachment":[{"href":"https:\/\/centroarrupemalaga.org\/index.php\/wp-json\/wp\/v2\/media?parent=43"}],"curies":[{"name":"wp","href":"https:\/\/api.w.org\/{rel}","templated":true}]}}