{"id":45,"date":"2022-09-21T17:08:09","date_gmt":"2022-09-21T17:08:09","guid":{"rendered":"https:\/\/centroarrupemalaga.org\/?page_id=45"},"modified":"2023-11-07T17:30:55","modified_gmt":"2023-11-07T17:30:55","slug":"itinerarios-a-la-experiencia-de-dios","status":"publish","type":"page","link":"https:\/\/centroarrupemalaga.org\/index.php\/itinerarios-a-la-experiencia-de-dios\/","title":{"rendered":"Itinerarios a la experiencia  de Dios"},"content":{"rendered":"\n<div class=\"wp-block-columns alignfull is-layout-flex wp-container-core-columns-is-layout-28f84493 wp-block-columns-is-layout-flex\">\n<div class=\"wp-block-column is-layout-flow wp-block-column-is-layout-flow\" style=\"flex-basis:33.33%\">\n<figure class=\"wp-block-image alignfull size-full\"><img fetchpriority=\"high\" decoding=\"async\" width=\"693\" height=\"981\" src=\"https:\/\/centroarrupemalaga.org\/wp-content\/uploads\/2023\/09\/Cartel-Itinerarios-2023-muestra-1-1.jpg\" alt=\"\" class=\"wp-image-796\" srcset=\"https:\/\/centroarrupemalaga.org\/wp-content\/uploads\/2023\/09\/Cartel-Itinerarios-2023-muestra-1-1.jpg 693w, https:\/\/centroarrupemalaga.org\/wp-content\/uploads\/2023\/09\/Cartel-Itinerarios-2023-muestra-1-1-212x300.jpg 212w\" sizes=\"(max-width: 693px) 100vw, 693px\" \/><\/figure>\n<\/div>\n\n\n\n<div class=\"wp-block-column is-layout-flow wp-block-column-is-layout-flow\" style=\"flex-basis:66.66%\">\n<figure class=\"wp-block-image alignfull size-large has-custom-border\"><img decoding=\"async\" width=\"1024\" height=\"724\" src=\"https:\/\/centroarrupemalaga.org\/wp-content\/uploads\/2023\/09\/Triptico-Itinerarios-curso-2023-2024-1-1024x724.jpg\" alt=\"\" class=\"wp-image-797\" style=\"border-style:none;border-width:0px;border-radius:5px\" srcset=\"https:\/\/centroarrupemalaga.org\/wp-content\/uploads\/2023\/09\/Triptico-Itinerarios-curso-2023-2024-1-1024x724.jpg 1024w, https:\/\/centroarrupemalaga.org\/wp-content\/uploads\/2023\/09\/Triptico-Itinerarios-curso-2023-2024-1-300x212.jpg 300w, https:\/\/centroarrupemalaga.org\/wp-content\/uploads\/2023\/09\/Triptico-Itinerarios-curso-2023-2024-1-768x543.jpg 768w, https:\/\/centroarrupemalaga.org\/wp-content\/uploads\/2023\/09\/Triptico-Itinerarios-curso-2023-2024-1.jpg 1386w\" sizes=\"(max-width: 1024px) 100vw, 1024px\" \/><\/figure>\n<\/div>\n<\/div>\n\n\n\n<div style=\"height:25px\" aria-hidden=\"true\" class=\"wp-block-spacer\"><\/div>\n\n\n\n<h4 class=\"wp-block-heading has-text-align-center\">\u00bfQu\u00e9 son los itinerarios?<\/h4>\n\n\n\n<div style=\"height:25px\" aria-hidden=\"true\" class=\"wp-block-spacer\"><\/div>\n\n\n\n<p class=\"has-text-align-center justificar\">Los Ejercicios Espirituales son, sin duda, la mayor aportaci\u00f3n de la espiritualidad ignaciana a la vida de la Iglesia y de toda persona que busca un horizonte de sentido para su vida.<\/p>\n\n\n\n<p class=\"has-text-align-center justificar\">El itinerario vivido por San Ignacio, fundamentalmente en Manresa (Catalu\u00f1a), ha sido adaptado a m\u00faltiples formatos: en retiro, en la vida diaria, en fines de semana y, aqu\u00ed en Espa\u00f1a, a trav\u00e9s de los&nbsp;\u00abItinerarios de iniciaci\u00f3n a la experiencia de Dios\u00bb.&nbsp;<\/p>\n\n\n\n<p class=\"has-text-align-center justificar\">Los Itinerarios de la Experiencia de Dios son un modo de Ejercicios Espirituales ignacianos ya que el mismo San Ignacio previ\u00f3 seg\u00fan la Anotaci\u00f3n 19 se pudieran adaptar para quien \u201cestuviera embarazado en cosas p\u00fablicas o negocios convenientes\u201d.<\/p>\n\n\n\n<p class=\"has-text-align-center justificar\">Desde hace cinco siglos, los Ejercicios han ayudado a personas de cualquier lugar y cultura, adoptando formatos y lenguajes distintos. Con palabras de San Ignacio, \u201cLos ejercicios son todo lo mejor que yo en esta vida puedo pensar, sentir y entender, as\u00ed para el hombre poderse aprovechar a s\u00ed mismo, como para poder fructificar, ayudar y aprovechar a otros muchos\u2026\u201d<\/p>\n\n\n\n<p class=\"has-text-align-center justificar\">El proceso consta de cuatro itinerarios y un quinto que corresponder\u00eda a la experiencia completa de Ejercicios y que se realizar\u00eda de forma personalizada.<\/p>\n\n\n\n<h4 class=\"wp-block-heading has-text-align-center\">\u00bfQu\u00e9 se pretende?<\/h4>\n\n\n\n<div style=\"height:25px\" aria-hidden=\"true\" class=\"wp-block-spacer\"><\/div>\n\n\n\n<p class=\"has-text-align-center justificar\">Los itinerarios constituyen un proceso que tiene como finalidad que la persona experimente a Dios&nbsp;y&nbsp;pueda encontrarlo en la vida diaria.<br>\u201cDios puede y quiere tratar de modo directo con su criatura. El ser humano puede experimentar personalmente a Dios\u201d&nbsp;&nbsp;Karl Rahner sj.<br><\/p>\n\n\n\n<div style=\"height:15px\" aria-hidden=\"true\" class=\"wp-block-spacer\"><\/div>\n\n\n\n<h4 class=\"wp-block-heading has-text-align-center\">Metodolog\u00eda<\/h4>\n\n\n\n<div style=\"height:25px\" aria-hidden=\"true\" class=\"wp-block-spacer\"><\/div>\n\n\n\n<p class=\"has-text-align-center justificar\">Este proceso se puede hacer en grupo o de forma personalizada. <\/p>\n\n\n\n<p class=\"has-text-align-center justificar\">Cada itinerario est\u00e1 dise\u00f1ado para hacerlo de octubre a junio, con una reuni\u00f3n<br>semanal y acompa\u00f1ado por una persona que indicar\u00e1 el \u201cmodo y orden\u201d durante del proceso.<br><\/p>\n\n\n\n<p class=\"has-text-align-center justificar\">En este proceso es indispensable:<br>\u2013 El compromiso de hacer oraci\u00f3n al menos 15 minutos diarios<br>\u2013 La asistencia a la reuni\u00f3n semanal.<\/p>\n","protected":false},"excerpt":{"rendered":"<p>\u00bfQu\u00e9 son los itinerarios? Los Ejercicios Espirituales son, sin duda, la mayor aportaci\u00f3n de la espiritualidad ignaciana a la vida de la Iglesia y de toda persona que busca un horizonte de sentido para su vida. El itinerario vivido por San Ignacio, fundamentalmente en Manresa (Catalu\u00f1a), ha sido adaptado a m\u00faltiples formatos: en retiro, en [&hellip;]<\/p>\n","protected":false},"author":1,"featured_media":0,"parent":0,"menu_order":0,"comment_status":"closed","ping_status":"closed","template":"","meta":{"om_disable_all_campaigns":false,"_uf_show_specific_survey":0,"_uf_disable_surveys":false,"site-sidebar-layout":"default","site-content-layout":"","ast-site-content-layout":"default","site-content-style":"default","site-sidebar-style":"default","ast-global-header-display":"","ast-banner-title-visibility":"","ast-main-header-display":"","ast-hfb-above-header-display":"","ast-hfb-below-header-display":"","ast-hfb-mobile-header-display":"","site-post-title":"","ast-breadcrumbs-content":"","ast-featured-img":"","footer-sml-layout":"","ast-disable-related-posts":"","theme-transparent-header-meta":"","adv-header-id-meta":"","stick-header-meta":"","header-above-stick-meta":"","header-main-stick-meta":"","header-below-stick-meta":"","astra-migrate-meta-layouts":"default","ast-page-background-enabled":"default","ast-page-background-meta":{"desktop":{"background-color":"var(--ast-global-color-4)","background-image":"","background-repeat":"repeat","background-position":"center center","background-size":"auto","background-attachment":"scroll","background-type":"","background-media":"","overlay-type":"","overlay-color":"","overlay-opacity":"","overlay-gradient":""},"tablet":{"background-color":"","background-image":"","background-repeat":"repeat","background-position":"center center","background-size":"auto","background-attachment":"scroll","background-type":"","background-media":"","overlay-type":"","overlay-color":"","overlay-opacity":"","overlay-gradient":""},"mobile":{"background-color":"","background-image":"","background-repeat":"repeat","background-position":"center center","background-size":"auto","background-attachment":"scroll","background-type":"","background-media":"","overlay-type":"","overlay-color":"","overlay-opacity":"","overlay-gradient":""}},"ast-content-background-meta":{"desktop":{"background-color":"var(--ast-global-color-5)","background-image":"","background-repeat":"repeat","background-position":"center center","background-size":"auto","background-attachment":"scroll","background-type":"","background-media":"","overlay-type":"","overlay-color":"","overlay-opacity":"","overlay-gradient":""},"tablet":{"background-color":"var(--ast-global-color-5)","background-image":"","background-repeat":"repeat","background-position":"center center","background-size":"auto","background-attachment":"scroll","background-type":"","background-media":"","overlay-type":"","overlay-color":"","overlay-opacity":"","overlay-gradient":""},"mobile":{"background-color":"var(--ast-global-color-5)","background-image":"","background-repeat":"repeat","background-position":"center center","background-size":"auto","background-attachment":"scroll","background-type":"","background-media":"","overlay-type":"","overlay-color":"","overlay-opacity":"","overlay-gradient":""}},"footnotes":""},"class_list":["post-45","page","type-page","status-publish","hentry"],"aioseo_notices":[],"_links":{"self":[{"href":"https:\/\/centroarrupemalaga.org\/index.php\/wp-json\/wp\/v2\/pages\/45","targetHints":{"allow":["GET"]}}],"collection":[{"href":"https:\/\/centroarrupemalaga.org\/index.php\/wp-json\/wp\/v2\/pages"}],"about":[{"href":"https:\/\/centroarrupemalaga.org\/index.php\/wp-json\/wp\/v2\/types\/page"}],"author":[{"embeddable":true,"href":"https:\/\/centroarrupemalaga.org\/index.php\/wp-json\/wp\/v2\/users\/1"}],"replies":[{"embeddable":true,"href":"https:\/\/centroarrupemalaga.org\/index.php\/wp-json\/wp\/v2\/comments?post=45"}],"version-history":[{"count":13,"href":"https:\/\/centroarrupemalaga.org\/index.php\/wp-json\/wp\/v2\/pages\/45\/revisions"}],"predecessor-version":[{"id":930,"href":"https:\/\/centroarrupemalaga.org\/index.php\/wp-json\/wp\/v2\/pages\/45\/revisions\/930"}],"wp:attachment":[{"href":"https:\/\/centroarrupemalaga.org\/index.php\/wp-json\/wp\/v2\/media?parent=45"}],"curies":[{"name":"wp","href":"https:\/\/api.w.org\/{rel}","templated":true}]}}