{"id":47,"date":"2022-09-21T17:08:58","date_gmt":"2022-09-21T17:08:58","guid":{"rendered":"https:\/\/centroarrupemalaga.org\/?page_id=47"},"modified":"2023-11-07T18:30:17","modified_gmt":"2023-11-07T18:30:17","slug":"acompanamiento-espiritual","status":"publish","type":"page","link":"https:\/\/centroarrupemalaga.org\/index.php\/acompanamiento-espiritual\/","title":{"rendered":"Acompa\u00f1amiento espiritual"},"content":{"rendered":"\n<p class=\"justificar\">El t\u00e9rmino acompa\u00f1amiento ignaciano proviene de los Ejercicios Espirituales de San Ignacio de Loyola, cuando se refiere a \u201cla persona que da a otro modo y orden para meditar o contemplar\u201d (e. g. Anotaci\u00f3n 1, 2), con el fin de, as\u00ed, apoyar y orientar tanto la reflexi\u00f3n como la oraci\u00f3n de \u201cla persona que contempla\u201d (e. g. Anotaci\u00f3n 1, 2); adem\u00e1s, de ayudarla a discernir las mociones divinas. Es decir, es la persona que dispone al ejercitante a analizar el origen de esos movimientos internos del esp\u00edritu, para tomar las decisiones adecuadas en su vida (Ejercicios Espirituales de San Ignacio de Loyola, 2008).<\/p>\n\n\n\n<p class=\"justificar\">El verbo&nbsp;acompa\u00f1ar&nbsp;viene de&nbsp;compa\u00f1\u00eda&nbsp;y, a su vez, compa\u00f1\u00eda se deriva de&nbsp;<em>cum panis<\/em>&nbsp;que significa compartir el pan (Corominas, 1987). El acompa\u00f1amiento simboliza estar o ir en compa\u00f1\u00eda de otro, participar en los sentimientos de otro, ir al lado. Esto sugiere una actitud de reciprocidad, una experiencia de intercambio y mutuo crecimiento (Mart\u00ednez, 2009). Por tanto, es un acto de misericordia y esperanza, de acogida y animaci\u00f3n, que nos hace part\u00edcipes del camino del otro, respetando su personalidad individual en cada situaci\u00f3n existencial.<\/p>\n\n\n\n<p class=\"justificar\">El acompa\u00f1ar es simplemente estar presente. A veces no es indispensable hablar, ni hacer algo especial; lo importante es comunicar al otro la propia presencia, dispuesto a aconsejar, sin exigir nada, dando la libertad de escoger. Este es el verdadero significado de acompa\u00f1ar en el contexto de la espiritualidad ignaciana.<\/p>\n\n\n\n<p class=\"justificar\">En tal sentido, ser un acompa\u00f1ante escolar o universitario, representa compartir la vida, sentir en clave fenomenol\u00f3gica los significados existenciales del acompa\u00f1ado, con el af\u00e1n de poder, de esta manera, discernir lo que m\u00e1s conviene para el aconsejado, en las diferentes situaciones o momentos de la vida. La funci\u00f3n de la persona que acompa\u00f1a es ayudar al estudiante a mirarse con objetividad, desde su propia subjetividad, desde sus propias experiencias vitales; adem\u00e1s, poder valorar, significativamente, a quienes le rodean y a su propio entorno, aunque la mirada sea agradable o quiz\u00e1s dolorosa\u2026 y es ah\u00ed donde el acompa\u00f1ante debe saber qu\u00e9 decir y c\u00f3mo confortar. Por tanto, ese acompa\u00f1ante debe estar preparado para escuchar con reverencia cuando el otro abre su coraz\u00f3n y descubre su intimidad, estableciendo con el acompa\u00f1ado y el acompa\u00f1ante una relaci\u00f3n de libertad.<\/p>\n\n\n\n<pre class=\"wp-block-preformatted\"><em>Extracto de \"El acompa\u00f1amiento ignaciano en el siglo XXI\"<\/em><br><em>Mar\u00eda Ang\u00e9lica Arroyo Lewin y Jos\u00e9 \u00c1ngel Berm\u00fadez Garc\u00eda<\/em><br><em>Pontificia Universidad Cat\u00f3lica del Ecuador (PUCE)<\/em><br><em>Facultad de Ciencias de la Educaci\u00f3n (Ecuador)<\/em><\/pre>\n\n\n\n<div class=\"wp-block-columns is-layout-flex wp-container-core-columns-is-layout-28f84493 wp-block-columns-is-layout-flex\">\n<div class=\"wp-block-column is-layout-flow wp-block-column-is-layout-flow\">\n<figure class=\"wp-block-embed is-type-video is-provider-youtube wp-block-embed-youtube wp-embed-aspect-16-9 wp-has-aspect-ratio\"><div class=\"wp-block-embed__wrapper\">\n<iframe title=\"\u00bfQu\u00e9 es el acompa\u00f1amiento espiritual? Antonio Boh\u00f3rquez, SJ | Voces Esejota\" width=\"500\" height=\"281\" src=\"https:\/\/www.youtube.com\/embed\/YLA4JlC0zWo?feature=oembed\" frameborder=\"0\" allow=\"accelerometer; autoplay; clipboard-write; encrypted-media; gyroscope; picture-in-picture; web-share\" referrerpolicy=\"strict-origin-when-cross-origin\" allowfullscreen><\/iframe>\n<\/div><\/figure>\n<\/div>\n<\/div>\n","protected":false},"excerpt":{"rendered":"<p>El t\u00e9rmino acompa\u00f1amiento ignaciano proviene de los Ejercicios Espirituales de San Ignacio de Loyola, cuando se refiere a \u201cla persona que da a otro modo y orden para meditar o contemplar\u201d (e. g. Anotaci\u00f3n 1, 2), con el fin de, as\u00ed, apoyar y orientar tanto la reflexi\u00f3n como la oraci\u00f3n de \u201cla persona que contempla\u201d [&hellip;]<\/p>\n","protected":false},"author":1,"featured_media":0,"parent":0,"menu_order":0,"comment_status":"closed","ping_status":"closed","template":"","meta":{"om_disable_all_campaigns":false,"_uf_show_specific_survey":0,"_uf_disable_surveys":false,"site-sidebar-layout":"default","site-content-layout":"","ast-site-content-layout":"default","site-content-style":"default","site-sidebar-style":"default","ast-global-header-display":"","ast-banner-title-visibility":"","ast-main-header-display":"","ast-hfb-above-header-display":"","ast-hfb-below-header-display":"","ast-hfb-mobile-header-display":"","site-post-title":"","ast-breadcrumbs-content":"","ast-featured-img":"","footer-sml-layout":"","ast-disable-related-posts":"","theme-transparent-header-meta":"","adv-header-id-meta":"","stick-header-meta":"","header-above-stick-meta":"","header-main-stick-meta":"","header-below-stick-meta":"","astra-migrate-meta-layouts":"default","ast-page-background-enabled":"default","ast-page-background-meta":{"desktop":{"background-color":"var(--ast-global-color-4)","background-image":"","background-repeat":"repeat","background-position":"center center","background-size":"auto","background-attachment":"scroll","background-type":"","background-media":"","overlay-type":"","overlay-color":"","overlay-opacity":"","overlay-gradient":""},"tablet":{"background-color":"","background-image":"","background-repeat":"repeat","background-position":"center center","background-size":"auto","background-attachment":"scroll","background-type":"","background-media":"","overlay-type":"","overlay-color":"","overlay-opacity":"","overlay-gradient":""},"mobile":{"background-color":"","background-image":"","background-repeat":"repeat","background-position":"center center","background-size":"auto","background-attachment":"scroll","background-type":"","background-media":"","overlay-type":"","overlay-color":"","overlay-opacity":"","overlay-gradient":""}},"ast-content-background-meta":{"desktop":{"background-color":"var(--ast-global-color-5)","background-image":"","background-repeat":"repeat","background-position":"center center","background-size":"auto","background-attachment":"scroll","background-type":"","background-media":"","overlay-type":"","overlay-color":"","overlay-opacity":"","overlay-gradient":""},"tablet":{"background-color":"var(--ast-global-color-5)","background-image":"","background-repeat":"repeat","background-position":"center center","background-size":"auto","background-attachment":"scroll","background-type":"","background-media":"","overlay-type":"","overlay-color":"","overlay-opacity":"","overlay-gradient":""},"mobile":{"background-color":"var(--ast-global-color-5)","background-image":"","background-repeat":"repeat","background-position":"center center","background-size":"auto","background-attachment":"scroll","background-type":"","background-media":"","overlay-type":"","overlay-color":"","overlay-opacity":"","overlay-gradient":""}},"footnotes":""},"class_list":["post-47","page","type-page","status-publish","hentry"],"aioseo_notices":[],"_links":{"self":[{"href":"https:\/\/centroarrupemalaga.org\/index.php\/wp-json\/wp\/v2\/pages\/47","targetHints":{"allow":["GET"]}}],"collection":[{"href":"https:\/\/centroarrupemalaga.org\/index.php\/wp-json\/wp\/v2\/pages"}],"about":[{"href":"https:\/\/centroarrupemalaga.org\/index.php\/wp-json\/wp\/v2\/types\/page"}],"author":[{"embeddable":true,"href":"https:\/\/centroarrupemalaga.org\/index.php\/wp-json\/wp\/v2\/users\/1"}],"replies":[{"embeddable":true,"href":"https:\/\/centroarrupemalaga.org\/index.php\/wp-json\/wp\/v2\/comments?post=47"}],"version-history":[{"count":6,"href":"https:\/\/centroarrupemalaga.org\/index.php\/wp-json\/wp\/v2\/pages\/47\/revisions"}],"predecessor-version":[{"id":945,"href":"https:\/\/centroarrupemalaga.org\/index.php\/wp-json\/wp\/v2\/pages\/47\/revisions\/945"}],"wp:attachment":[{"href":"https:\/\/centroarrupemalaga.org\/index.php\/wp-json\/wp\/v2\/media?parent=47"}],"curies":[{"name":"wp","href":"https:\/\/api.w.org\/{rel}","templated":true}]}}