{"id":55,"date":"2022-09-21T17:16:00","date_gmt":"2022-09-21T17:16:00","guid":{"rendered":"https:\/\/centroarrupemalaga.org\/?page_id=55"},"modified":"2023-11-07T18:31:15","modified_gmt":"2023-11-07T18:31:15","slug":"iglesia","status":"publish","type":"page","link":"https:\/\/centroarrupemalaga.org\/index.php\/iglesia\/","title":{"rendered":"Iglesia"},"content":{"rendered":"\n<div style=\"height:32px\" aria-hidden=\"true\" class=\"wp-block-spacer\"><\/div>\n\n\n\n<h4 class=\"wp-block-heading has-text-align-center\"><strong>IGLESIA DEL SAGRADO CORAZ\u00d3N DE JES\u00daS<\/strong><\/h4>\n\n\n\n<p class=\"has-text-align-center\">(JESUITAS)<\/p>\n\n\n\n<p class=\"has-text-align-center\" style=\"font-size:18px\">Se inaugur\u00f3 el 12 de mayo de 1920<\/p>\n\n\n\n<p class=\"has-text-align-center\" style=\"font-size:18px\">Fueron sus arquitectos D. Fernando Guerrero Strachan y D. Manuel Rivera Vera<br>Estilo Neog\u00f3tico; es el \u00fanico edificio de estas caracter\u00edsticas de la ciudad de M\u00e1laga<\/p>\n\n\n\n<p class=\"has-text-align-center\" style=\"font-size:18px\">Guarda los restos del P. Tiburcio Arn\u00e1iz, \u201cAp\u00f3stol de M\u00e1laga\u201d.<\/p>\n\n\n\n<p class=\"has-text-align-center has-medium-font-size\"><strong><u>Horario de la Iglesia<\/u><\/strong><\/p>\n\n\n\n<p class=\"has-text-align-center\" style=\"font-size:18px\">La iglesia permanece abierta por la ma\u00f1ana de lunes a viernes 7 a 12; s\u00e1bados de 8:30 a 12 y domingos de 10 a 14. Todas las tardes de 18 a 20<\/p>\n\n\n\n<p class=\"has-text-align-center\"><\/p>\n\n\n\n<p class=\"has-text-align-center has-medium-font-size\"><strong><u>Misas<\/u><\/strong><\/p>\n\n\n\n<p class=\"has-text-align-center\" style=\"font-size:18px\">D\u00edas Laborables: 7:20 \u2013 9:30 \u2013 11:30 \u2013 19:30<br>S\u00e1bados y festivos no de precepto: 9:30 \u2013 19:30<br>Domingos y Festivos: 10:30 \u2013 11:30 \u2013 12:30 \u2013 13:30 \u2013 19:30<\/p>\n\n\n\n<p class=\"has-text-align-center\" style=\"font-size:18px\">En julio y agosto se suprimen los d\u00edas laborables la misa de 7:20 y los domingos la de 13:30<\/p>\n\n\n\n<p class=\"has-text-align-center has-medium-font-size\"><strong><u>Confesiones:<\/u><\/strong><\/p>\n\n\n\n<p class=\"has-text-align-center\" style=\"font-size:18px\">Lunes a Viernes: De 9:30 a 12:00 y de 18:30 a 20:00<br>S\u00e1bados: De De 9:30 a 11:00 y de 18:30 a 20:00<br>Domingos: De 10:00 a 14:00 y de 18:30 a 20:00<\/p>\n\n\n\n<p class=\"has-text-align-center\"><\/p>\n\n\n\n<p class=\"has-text-align-center\"><\/p>\n\n\n\n<p><\/p>\n\n\n\n<p class=\"has-text-align-center\"><\/p>\n","protected":false},"excerpt":{"rendered":"<p>IGLESIA DEL SAGRADO CORAZ\u00d3N DE JES\u00daS (JESUITAS) Se inaugur\u00f3 el 12 de mayo de 1920 Fueron sus arquitectos D. Fernando Guerrero Strachan y D. Manuel Rivera VeraEstilo Neog\u00f3tico; es el \u00fanico edificio de estas caracter\u00edsticas de la ciudad de M\u00e1laga Guarda los restos del P. Tiburcio Arn\u00e1iz, \u201cAp\u00f3stol de M\u00e1laga\u201d. Horario de la Iglesia La [&hellip;]<\/p>\n","protected":false},"author":1,"featured_media":0,"parent":0,"menu_order":0,"comment_status":"closed","ping_status":"closed","template":"","meta":{"om_disable_all_campaigns":false,"_uf_show_specific_survey":0,"_uf_disable_surveys":false,"site-sidebar-layout":"default","site-content-layout":"","ast-site-content-layout":"default","site-content-style":"default","site-sidebar-style":"default","ast-global-header-display":"","ast-banner-title-visibility":"","ast-main-header-display":"","ast-hfb-above-header-display":"","ast-hfb-below-header-display":"","ast-hfb-mobile-header-display":"","site-post-title":"disabled","ast-breadcrumbs-content":"","ast-featured-img":"","footer-sml-layout":"","ast-disable-related-posts":"","theme-transparent-header-meta":"","adv-header-id-meta":"","stick-header-meta":"","header-above-stick-meta":"","header-main-stick-meta":"","header-below-stick-meta":"","astra-migrate-meta-layouts":"default","ast-page-background-enabled":"default","ast-page-background-meta":{"desktop":{"background-color":"var(--ast-global-color-4)","background-image":"","background-repeat":"repeat","background-position":"center center","background-size":"auto","background-attachment":"scroll","background-type":"","background-media":"","overlay-type":"","overlay-color":"","overlay-opacity":"","overlay-gradient":""},"tablet":{"background-color":"","background-image":"","background-repeat":"repeat","background-position":"center center","background-size":"auto","background-attachment":"scroll","background-type":"","background-media":"","overlay-type":"","overlay-color":"","overlay-opacity":"","overlay-gradient":""},"mobile":{"background-color":"","background-image":"","background-repeat":"repeat","background-position":"center center","background-size":"auto","background-attachment":"scroll","background-type":"","background-media":"","overlay-type":"","overlay-color":"","overlay-opacity":"","overlay-gradient":""}},"ast-content-background-meta":{"desktop":{"background-color":"var(--ast-global-color-5)","background-image":"","background-repeat":"repeat","background-position":"center center","background-size":"auto","background-attachment":"scroll","background-type":"","background-media":"","overlay-type":"","overlay-color":"","overlay-opacity":"","overlay-gradient":""},"tablet":{"background-color":"var(--ast-global-color-5)","background-image":"","background-repeat":"repeat","background-position":"center center","background-size":"auto","background-attachment":"scroll","background-type":"","background-media":"","overlay-type":"","overlay-color":"","overlay-opacity":"","overlay-gradient":""},"mobile":{"background-color":"var(--ast-global-color-5)","background-image":"","background-repeat":"repeat","background-position":"center center","background-size":"auto","background-attachment":"scroll","background-type":"","background-media":"","overlay-type":"","overlay-color":"","overlay-opacity":"","overlay-gradient":""}},"footnotes":""},"class_list":["post-55","page","type-page","status-publish","hentry"],"aioseo_notices":[],"_links":{"self":[{"href":"https:\/\/centroarrupemalaga.org\/index.php\/wp-json\/wp\/v2\/pages\/55","targetHints":{"allow":["GET"]}}],"collection":[{"href":"https:\/\/centroarrupemalaga.org\/index.php\/wp-json\/wp\/v2\/pages"}],"about":[{"href":"https:\/\/centroarrupemalaga.org\/index.php\/wp-json\/wp\/v2\/types\/page"}],"author":[{"embeddable":true,"href":"https:\/\/centroarrupemalaga.org\/index.php\/wp-json\/wp\/v2\/users\/1"}],"replies":[{"embeddable":true,"href":"https:\/\/centroarrupemalaga.org\/index.php\/wp-json\/wp\/v2\/comments?post=55"}],"version-history":[{"count":15,"href":"https:\/\/centroarrupemalaga.org\/index.php\/wp-json\/wp\/v2\/pages\/55\/revisions"}],"predecessor-version":[{"id":946,"href":"https:\/\/centroarrupemalaga.org\/index.php\/wp-json\/wp\/v2\/pages\/55\/revisions\/946"}],"wp:attachment":[{"href":"https:\/\/centroarrupemalaga.org\/index.php\/wp-json\/wp\/v2\/media?parent=55"}],"curies":[{"name":"wp","href":"https:\/\/api.w.org\/{rel}","templated":true}]}}