{"id":57,"date":"2022-09-21T17:17:38","date_gmt":"2022-09-21T17:17:38","guid":{"rendered":"https:\/\/centroarrupemalaga.org\/?page_id=57"},"modified":"2024-11-22T11:48:27","modified_gmt":"2024-11-22T11:48:27","slug":"mags","status":"publish","type":"page","link":"https:\/\/centroarrupemalaga.org\/index.php\/mags\/","title":{"rendered":"Mag+s"},"content":{"rendered":"\n<p>MAG+S es una propuesta actual de vida cristiana desde la espiritualidad ignaciana para j\u00f3venes de 18-30 a\u00f1os, universitarios o profesionales.<\/p>\n\n\n\n<p>Es un \u201c<strong>M\u00c1S POR EL REINO<\/strong>\u201d, no acomodarse en lo ya conocido o conseguido, sino buscar vivir con intensidad y dar el m\u00e1ximo de uno mismo. Descubriendo que, en cristiano, no hay vida personal sin una dimensi\u00f3n comunitaria y de servicio.<\/p>\n\n\n\n<p>Es un \u201c<strong>M\u00c1S CON JES\u00daCRISTO<\/strong>\u201d, que indica un estilo de vida cristiano, marcado por la fe en el Dios de Jes\u00fas, alimentado por los sacramentos y la oraci\u00f3n.<\/p>\n\n\n\n<p>Es un \u201c<strong>M\u00c1S DE LA IGLESIA<\/strong>\u201d, querer responder con un proyecto personal a la invitaci\u00f3n a encontrar nuestra vocaci\u00f3n.<\/p>\n\n\n\n<p>En M\u00e1laga los grupos MAG+S se re\u00fanen en el Centro Arrupe, plaza de San Ignacio 2, las tardes de los viernes. Es un tiempo de compartir vida, de so\u00f1ar juntos y de buscar autenticidad. Peri\u00f3dicamente ofrecemos tiempos de oraci\u00f3n comunitaria, talleres de espiritualidad, convivencias, Ejercicios Espirituales\u2026<\/p>\n\n\n\n<p>Si est\u00e1s interesado y quieres m\u00e1s informaci\u00f3n, no dudes en escribirnos a&nbsp;<strong><u><a href=\"mailto:magis.malaga@jesuitas.es\">magis.malaga@jesuitas.es<\/a><\/u><\/strong><\/p>\n\n\n\n<hr class=\"wp-block-separator has-alpha-channel-opacity\"\/>\n\n\n\n<div class=\"wp-block-buttons is-content-justification-center is-layout-flex wp-container-core-buttons-is-layout-a89b3969 wp-block-buttons-is-layout-flex\"><\/div>\n\n\n\n<figure class=\"wp-block-gallery has-nested-images columns-default is-cropped wp-block-gallery-1 is-layout-flex wp-block-gallery-is-layout-flex\">\n<figure class=\"wp-block-image size-large\"><img fetchpriority=\"high\" decoding=\"async\" width=\"1024\" height=\"1024\" data-id=\"2202\" src=\"https:\/\/centroarrupemalaga.org\/wp-content\/uploads\/2024\/11\/MAGIS-MALAGA.-LOGO-1-1024x1024.png\" alt=\"\" class=\"wp-image-2202\" srcset=\"https:\/\/centroarrupemalaga.org\/wp-content\/uploads\/2024\/11\/MAGIS-MALAGA.-LOGO-1-1024x1024.png 1024w, https:\/\/centroarrupemalaga.org\/wp-content\/uploads\/2024\/11\/MAGIS-MALAGA.-LOGO-1-300x300.png 300w, https:\/\/centroarrupemalaga.org\/wp-content\/uploads\/2024\/11\/MAGIS-MALAGA.-LOGO-1-150x150.png 150w, https:\/\/centroarrupemalaga.org\/wp-content\/uploads\/2024\/11\/MAGIS-MALAGA.-LOGO-1-768x768.png 768w, https:\/\/centroarrupemalaga.org\/wp-content\/uploads\/2024\/11\/MAGIS-MALAGA.-LOGO-1-1536x1536.png 1536w, https:\/\/centroarrupemalaga.org\/wp-content\/uploads\/2024\/11\/MAGIS-MALAGA.-LOGO-1.png 1563w\" sizes=\"(max-width: 1024px) 100vw, 1024px\" \/><\/figure>\n\n\n\n<figure class=\"wp-block-image size-large\"><img decoding=\"async\" width=\"944\" height=\"1024\" data-id=\"2199\" src=\"https:\/\/centroarrupemalaga.org\/wp-content\/uploads\/2024\/11\/54AC9EAF-D3A4-4520-A6BC-0A398B3541B3-944x1024.jpg\" alt=\"\" class=\"wp-image-2199\" srcset=\"https:\/\/centroarrupemalaga.org\/wp-content\/uploads\/2024\/11\/54AC9EAF-D3A4-4520-A6BC-0A398B3541B3-944x1024.jpg 944w, https:\/\/centroarrupemalaga.org\/wp-content\/uploads\/2024\/11\/54AC9EAF-D3A4-4520-A6BC-0A398B3541B3-277x300.jpg 277w, https:\/\/centroarrupemalaga.org\/wp-content\/uploads\/2024\/11\/54AC9EAF-D3A4-4520-A6BC-0A398B3541B3-768x833.jpg 768w, https:\/\/centroarrupemalaga.org\/wp-content\/uploads\/2024\/11\/54AC9EAF-D3A4-4520-A6BC-0A398B3541B3-1416x1536.jpg 1416w, https:\/\/centroarrupemalaga.org\/wp-content\/uploads\/2024\/11\/54AC9EAF-D3A4-4520-A6BC-0A398B3541B3.jpg 1440w\" sizes=\"(max-width: 944px) 100vw, 944px\" \/><\/figure>\n\n\n\n<figure class=\"wp-block-image size-large\"><img decoding=\"async\" width=\"768\" height=\"1024\" data-id=\"2200\" src=\"https:\/\/centroarrupemalaga.org\/wp-content\/uploads\/2024\/11\/1646579269356-768x1024.jpg\" alt=\"\" class=\"wp-image-2200\" srcset=\"https:\/\/centroarrupemalaga.org\/wp-content\/uploads\/2024\/11\/1646579269356-768x1024.jpg 768w, https:\/\/centroarrupemalaga.org\/wp-content\/uploads\/2024\/11\/1646579269356-225x300.jpg 225w, https:\/\/centroarrupemalaga.org\/wp-content\/uploads\/2024\/11\/1646579269356-1152x1536.jpg 1152w, https:\/\/centroarrupemalaga.org\/wp-content\/uploads\/2024\/11\/1646579269356.jpg 1536w\" sizes=\"(max-width: 768px) 100vw, 768px\" \/><\/figure>\n\n\n\n<figure class=\"wp-block-image size-large\"><img loading=\"lazy\" decoding=\"async\" width=\"768\" height=\"1024\" data-id=\"2201\" src=\"https:\/\/centroarrupemalaga.org\/wp-content\/uploads\/2024\/11\/IMG_4617-768x1024.jpeg\" alt=\"\" class=\"wp-image-2201\" srcset=\"https:\/\/centroarrupemalaga.org\/wp-content\/uploads\/2024\/11\/IMG_4617-768x1024.jpeg 768w, https:\/\/centroarrupemalaga.org\/wp-content\/uploads\/2024\/11\/IMG_4617-225x300.jpeg 225w, https:\/\/centroarrupemalaga.org\/wp-content\/uploads\/2024\/11\/IMG_4617-1152x1536.jpeg 1152w, https:\/\/centroarrupemalaga.org\/wp-content\/uploads\/2024\/11\/IMG_4617-1536x2048.jpeg 1536w, https:\/\/centroarrupemalaga.org\/wp-content\/uploads\/2024\/11\/IMG_4617-scaled.jpeg 1920w\" sizes=\"(max-width: 768px) 100vw, 768px\" \/><\/figure>\n\n\n\n<figure class=\"wp-block-image size-large\"><img loading=\"lazy\" decoding=\"async\" width=\"768\" height=\"1024\" data-id=\"2198\" src=\"https:\/\/centroarrupemalaga.org\/wp-content\/uploads\/2024\/11\/IMG-20230721-WA0028-768x1024.jpg\" alt=\"\" class=\"wp-image-2198\" srcset=\"https:\/\/centroarrupemalaga.org\/wp-content\/uploads\/2024\/11\/IMG-20230721-WA0028-768x1024.jpg 768w, https:\/\/centroarrupemalaga.org\/wp-content\/uploads\/2024\/11\/IMG-20230721-WA0028-225x300.jpg 225w, https:\/\/centroarrupemalaga.org\/wp-content\/uploads\/2024\/11\/IMG-20230721-WA0028-1152x1536.jpg 1152w, https:\/\/centroarrupemalaga.org\/wp-content\/uploads\/2024\/11\/IMG-20230721-WA0028.jpg 1200w\" sizes=\"(max-width: 768px) 100vw, 768px\" \/><\/figure>\n<\/figure>\n","protected":false},"excerpt":{"rendered":"<p>MAG+S es una propuesta actual de vida cristiana desde la espiritualidad ignaciana para j\u00f3venes de 18-30 a\u00f1os, universitarios o profesionales. Es un \u201cM\u00c1S POR EL REINO\u201d, no acomodarse en lo ya conocido o conseguido, sino buscar vivir con intensidad y dar el m\u00e1ximo de uno mismo. Descubriendo que, en cristiano, no hay vida personal sin [&hellip;]<\/p>\n","protected":false},"author":1,"featured_media":0,"parent":0,"menu_order":0,"comment_status":"closed","ping_status":"closed","template":"","meta":{"om_disable_all_campaigns":false,"_uf_show_specific_survey":0,"_uf_disable_surveys":false,"site-sidebar-layout":"default","site-content-layout":"","ast-site-content-layout":"default","site-content-style":"default","site-sidebar-style":"default","ast-global-header-display":"","ast-banner-title-visibility":"","ast-main-header-display":"","ast-hfb-above-header-display":"","ast-hfb-below-header-display":"","ast-hfb-mobile-header-display":"","site-post-title":"","ast-breadcrumbs-content":"","ast-featured-img":"","footer-sml-layout":"","ast-disable-related-posts":"","theme-transparent-header-meta":"","adv-header-id-meta":"","stick-header-meta":"","header-above-stick-meta":"","header-main-stick-meta":"","header-below-stick-meta":"","astra-migrate-meta-layouts":"default","ast-page-background-enabled":"default","ast-page-background-meta":{"desktop":{"background-color":"var(--ast-global-color-4)","background-image":"","background-repeat":"repeat","background-position":"center center","background-size":"auto","background-attachment":"scroll","background-type":"","background-media":"","overlay-type":"","overlay-color":"","overlay-opacity":"","overlay-gradient":""},"tablet":{"background-color":"","background-image":"","background-repeat":"repeat","background-position":"center center","background-size":"auto","background-attachment":"scroll","background-type":"","background-media":"","overlay-type":"","overlay-color":"","overlay-opacity":"","overlay-gradient":""},"mobile":{"background-color":"","background-image":"","background-repeat":"repeat","background-position":"center center","background-size":"auto","background-attachment":"scroll","background-type":"","background-media":"","overlay-type":"","overlay-color":"","overlay-opacity":"","overlay-gradient":""}},"ast-content-background-meta":{"desktop":{"background-color":"var(--ast-global-color-5)","background-image":"","background-repeat":"repeat","background-position":"center center","background-size":"auto","background-attachment":"scroll","background-type":"","background-media":"","overlay-type":"","overlay-color":"","overlay-opacity":"","overlay-gradient":""},"tablet":{"background-color":"var(--ast-global-color-5)","background-image":"","background-repeat":"repeat","background-position":"center center","background-size":"auto","background-attachment":"scroll","background-type":"","background-media":"","overlay-type":"","overlay-color":"","overlay-opacity":"","overlay-gradient":""},"mobile":{"background-color":"var(--ast-global-color-5)","background-image":"","background-repeat":"repeat","background-position":"center center","background-size":"auto","background-attachment":"scroll","background-type":"","background-media":"","overlay-type":"","overlay-color":"","overlay-opacity":"","overlay-gradient":""}},"footnotes":""},"class_list":["post-57","page","type-page","status-publish","hentry"],"aioseo_notices":[],"_links":{"self":[{"href":"https:\/\/centroarrupemalaga.org\/index.php\/wp-json\/wp\/v2\/pages\/57","targetHints":{"allow":["GET"]}}],"collection":[{"href":"https:\/\/centroarrupemalaga.org\/index.php\/wp-json\/wp\/v2\/pages"}],"about":[{"href":"https:\/\/centroarrupemalaga.org\/index.php\/wp-json\/wp\/v2\/types\/page"}],"author":[{"embeddable":true,"href":"https:\/\/centroarrupemalaga.org\/index.php\/wp-json\/wp\/v2\/users\/1"}],"replies":[{"embeddable":true,"href":"https:\/\/centroarrupemalaga.org\/index.php\/wp-json\/wp\/v2\/comments?post=57"}],"version-history":[{"count":10,"href":"https:\/\/centroarrupemalaga.org\/index.php\/wp-json\/wp\/v2\/pages\/57\/revisions"}],"predecessor-version":[{"id":2203,"href":"https:\/\/centroarrupemalaga.org\/index.php\/wp-json\/wp\/v2\/pages\/57\/revisions\/2203"}],"wp:attachment":[{"href":"https:\/\/centroarrupemalaga.org\/index.php\/wp-json\/wp\/v2\/media?parent=57"}],"curies":[{"name":"wp","href":"https:\/\/api.w.org\/{rel}","templated":true}]}}